{"id":2347,"date":"2025-06-08T11:30:12","date_gmt":"2025-06-08T09:30:12","guid":{"rendered":"https:\/\/www.hulstkampantwerpen.be\/vacatures\/"},"modified":"2025-06-08T12:27:53","modified_gmt":"2025-06-08T10:27:53","slug":"vacants","status":"publish","type":"page","link":"https:\/\/www.hulstkampantwerpen.be\/fr\/vacants\/","title":{"rendered":"Postes vacants"},"content":{"rendered":"\t\t<div data-elementor-type=\"wp-page\" data-elementor-id=\"2347\" class=\"elementor elementor-2347 elementor-2340\" data-elementor-post-type=\"page\">\n\t\t\t\t<div class=\"elementor-element elementor-element-2acdb7d e-flex e-con-boxed e-con e-parent\" data-id=\"2acdb7d\" data-element_type=\"container\">\n\t\t\t\t\t<div class=\"e-con-inner\">\n\t\t<div class=\"elementor-element elementor-element-9f81f8a e-con-full e-flex e-con e-child\" data-id=\"9f81f8a\" data-element_type=\"container\">\n\t\t\t\t<div class=\"elementor-element elementor-element-96bcfa4 elementor-widget elementor-widget-heading\" data-id=\"96bcfa4\" data-element_type=\"widget\" data-widget_type=\"heading.default\">\n\t\t\t\t<div class=\"elementor-widget-container\">\n\t\t\t<h1 class=\"elementor-heading-title elementor-size-default\">POSTES VACANTS<\/h1>\t\t<\/div>\n\t\t\t\t<\/div>\n\t\t\t\t<div class=\"elementor-element elementor-element-44cfdc9 elementor-widget elementor-widget-heading\" data-id=\"44cfdc9\" data-element_type=\"widget\" data-widget_type=\"heading.default\">\n\t\t\t\t<div class=\"elementor-widget-container\">\n\t\t\t<h2 class=\"elementor-heading-title elementor-size-default\">POSTULEZ AUJOURD'HUI<\/h2>\t\t<\/div>\n\t\t\t\t<\/div>\n\t\t\t\t<div class=\"elementor-element elementor-element-cd077c3 elementor-widget elementor-widget-text-editor\" data-id=\"cd077c3\" data-element_type=\"widget\" data-widget_type=\"text-editor.default\">\n\t\t\t\t<div class=\"elementor-widget-container\">\n\t\t\t\t\t\t\t<p>Vous recherchez un nouveau d\u00e9fi et notre entreprise vous int\u00e9resse? Nous sommes toujours \u00e0 la recherche de personnes motiv\u00e9es et passionn\u00e9es par leur m\u00e9tier.<\/p><p>Vous vous sentez \u00e0 l&#8217;aise dans notre \u00e9quipe, mais le poste id\u00e9al n&#8217;est pas disponible? Aucun probl\u00e8me! N&#8217;h\u00e9sitez pas \u00e0 envoyer une candidature spontan\u00e9e avec votre motivation et votre CV \u00e0 <strong><a href=\"mailto:job@glmgroup.be\">job@glmgroup.be<\/a><\/strong><\/p><p>Nous serions ravis d&#8217;explorer les possibilit\u00e9s avec vous.<br \/>\u00c0 bient\u00f4t?<\/p>\t\t\t\t\t\t<\/div>\n\t\t\t\t<\/div>\n\t\t<div class=\"elementor-element elementor-element-b0f53e7 e-con-full e-flex e-con e-child\" data-id=\"b0f53e7\" data-element_type=\"container\">\n\t\t\t\t<div class=\"elementor-element elementor-element-4ed875f elementor-mobile-align-justify elementor-widget elementor-widget-button\" data-id=\"4ed875f\" data-element_type=\"widget\" data-widget_type=\"button.default\">\n\t\t\t\t<div class=\"elementor-widget-container\">\n\t\t\t\t\t<div class=\"elementor-button-wrapper\">\n\t\t\t<a class=\"elementor-button elementor-button-link elementor-size-sm\" href=\"mailto:job@glmgroup.be\">\n\t\t\t\t\t\t<span class=\"elementor-button-content-wrapper\">\n\t\t\t\t\t\t<span class=\"elementor-button-icon\">\n\t\t\t\t<svg aria-hidden=\"true\" class=\"e-font-icon-svg e-far-envelope\" viewBox=\"0 0 512 512\" xmlns=\"http:\/\/www.w3.org\/2000\/svg\"><path d=\"M464 64H48C21.49 64 0 85.49 0 112v288c0 26.51 21.49 48 48 48h416c26.51 0 48-21.49 48-48V112c0-26.51-21.49-48-48-48zm0 48v40.805c-22.422 18.259-58.168 46.651-134.587 106.49-16.841 13.247-50.201 45.072-73.413 44.701-23.208.375-56.579-31.459-73.413-44.701C106.18 199.465 70.425 171.067 48 152.805V112h416zM48 400V214.398c22.914 18.251 55.409 43.862 104.938 82.646 21.857 17.205 60.134 55.186 103.062 54.955 42.717.231 80.509-37.199 103.053-54.947 49.528-38.783 82.032-64.401 104.947-82.653V400H48z\"><\/path><\/svg>\t\t\t<\/span>\n\t\t\t\t\t\t\t\t\t<span class=\"elementor-button-text\">job@glmgroup.be<\/span>\n\t\t\t\t\t<\/span>\n\t\t\t\t\t<\/a>\n\t\t<\/div>\n\t\t\t\t<\/div>\n\t\t\t\t<\/div>\n\t\t\t\t<\/div>\n\t\t\t\t<\/div>\n\t\t<div class=\"elementor-element elementor-element-0afb1a8 e-con-full e-flex e-con e-child\" data-id=\"0afb1a8\" data-element_type=\"container\">\n\t\t\t\t<div class=\"elementor-element elementor-element-412cec0 elementor-widget elementor-widget-image\" data-id=\"412cec0\" data-element_type=\"widget\" data-widget_type=\"image.default\">\n\t\t\t\t<div class=\"elementor-widget-container\">\n\t\t\t\t\t\t\t\t\t\t\t\t\t<img fetchpriority=\"high\" decoding=\"async\" width=\"900\" height=\"1350\" src=\"https:\/\/www.hulstkampantwerpen.be\/wp-content\/uploads\/2024\/10\/hulstkamp-antwerpen_v-overons_lunch.jpg\" class=\"attachment-full size-full wp-image-1322\" alt=\"Hulstkamp Anvers - \u00c0 propos de nous - d\u00e9jeuner\" srcset=\"https:\/\/www.hulstkampantwerpen.be\/wp-content\/uploads\/2024\/10\/hulstkamp-antwerpen_v-overons_lunch.jpg 900w, https:\/\/www.hulstkampantwerpen.be\/wp-content\/uploads\/2024\/10\/hulstkamp-antwerpen_v-overons_lunch-600x900.jpg 600w, https:\/\/www.hulstkampantwerpen.be\/wp-content\/uploads\/2024\/10\/hulstkamp-antwerpen_v-overons_lunch-427x640.jpg 427w, https:\/\/www.hulstkampantwerpen.be\/wp-content\/uploads\/2024\/10\/hulstkamp-antwerpen_v-overons_lunch-683x1024.jpg 683w, https:\/\/www.hulstkampantwerpen.be\/wp-content\/uploads\/2024\/10\/hulstkamp-antwerpen_v-overons_lunch-768x1152.jpg 768w\" sizes=\"(max-width: 900px) 100vw, 900px\" \/>\t\t\t\t\t\t\t\t\t\t\t\t\t<\/div>\n\t\t\t\t<\/div>\n\t\t\t\t<\/div>\n\t\t\t\t\t<\/div>\n\t\t\t\t<\/div>\n\t\t\t\t<\/div>\n\t\t","protected":false},"excerpt":{"rendered":"<p>POSTES VACANTS POSTULEZ AUJOURD&#8217;HUI Vous recherchez un nouveau d\u00e9fi et notre entreprise vous int\u00e9resse? Nous sommes toujours \u00e0 la recherche de personnes motiv\u00e9es et passionn\u00e9es par leur m\u00e9tier. Vous vous sentez \u00e0 l&#8217;aise dans notre \u00e9quipe, mais le poste id\u00e9al n&#8217;est pas disponible? Aucun probl\u00e8me! N&#8217;h\u00e9sitez pas \u00e0 envoyer une candidature spontan\u00e9e avec votre motivation [&hellip;]<\/p>\n","protected":false},"author":1,"featured_media":0,"parent":0,"menu_order":6,"comment_status":"closed","ping_status":"closed","template":"","meta":{"footnotes":""},"yoast_head":"<!-- This site is optimized with the Yoast SEO Premium plugin v22.6 (Yoast SEO v22.6) - https:\/\/yoast.com\/wordpress\/plugins\/seo\/ -->\n<title>Postes vacants | Hulstkamp Antwerpen<\/title>\n<meta name=\"robots\" content=\"index, follow, max-snippet:-1, max-image-preview:large, max-video-preview:-1\" \/>\n<link rel=\"canonical\" href=\"https:\/\/www.hulstkampantwerpen.be\/fr\/vacants\/\" \/>\n<meta property=\"og:locale\" content=\"fr_FR\" \/>\n<meta property=\"og:type\" content=\"article\" \/>\n<meta property=\"og:title\" content=\"Postes vacants | Hulstkamp Antwerpen\" \/>\n<meta property=\"og:description\" content=\"POSTES VACANTS POSTULEZ AUJOURD&#8217;HUI Vous recherchez un nouveau d\u00e9fi et notre entreprise vous int\u00e9resse? Nous sommes toujours \u00e0 la recherche de personnes motiv\u00e9es et passionn\u00e9es par leur m\u00e9tier. Vous vous sentez \u00e0 l&#8217;aise dans notre \u00e9quipe, mais le poste id\u00e9al n&#8217;est pas disponible? Aucun probl\u00e8me! N&#8217;h\u00e9sitez pas \u00e0 envoyer une candidature spontan\u00e9e avec votre motivation [&hellip;]\" \/>\n<meta property=\"og:url\" content=\"https:\/\/www.hulstkampantwerpen.be\/fr\/vacants\/\" \/>\n<meta property=\"og:site_name\" content=\"Hulstkamp Antwerpen\" \/>\n<meta property=\"article:publisher\" content=\"https:\/\/www.facebook.com\/p\/Hulstkamp-Antwerpen-61553129326433\/\" \/>\n<meta property=\"article:modified_time\" content=\"2025-06-08T10:27:53+00:00\" \/>\n<meta property=\"og:image\" content=\"https:\/\/www.hulstkampantwerpen.be\/wp-content\/uploads\/2024\/10\/hulstkamp-antwerpen_v-overons_lunch.jpg\" \/>\n<meta name=\"twitter:card\" content=\"summary_large_image\" \/>\n<script type=\"application\/ld+json\" class=\"yoast-schema-graph\">{\"@context\":\"https:\/\/schema.org\",\"@graph\":[{\"@type\":\"WebPage\",\"@id\":\"https:\/\/www.hulstkampantwerpen.be\/fr\/vacants\/\",\"url\":\"https:\/\/www.hulstkampantwerpen.be\/fr\/vacants\/\",\"name\":\"Postes vacants | Hulstkamp Antwerpen\",\"isPartOf\":{\"@id\":\"https:\/\/www.hulstkampantwerpen.be\/#website\"},\"primaryImageOfPage\":{\"@id\":\"https:\/\/www.hulstkampantwerpen.be\/fr\/vacants\/#primaryimage\"},\"image\":{\"@id\":\"https:\/\/www.hulstkampantwerpen.be\/fr\/vacants\/#primaryimage\"},\"thumbnailUrl\":\"https:\/\/www.hulstkampantwerpen.be\/wp-content\/uploads\/2024\/10\/hulstkamp-antwerpen_v-overons_lunch.jpg\",\"datePublished\":\"2025-06-08T09:30:12+00:00\",\"dateModified\":\"2025-06-08T10:27:53+00:00\",\"breadcrumb\":{\"@id\":\"https:\/\/www.hulstkampantwerpen.be\/fr\/vacants\/#breadcrumb\"},\"inLanguage\":\"fr-FR\",\"potentialAction\":[{\"@type\":\"ReadAction\",\"target\":[\"https:\/\/www.hulstkampantwerpen.be\/fr\/vacants\/\"]}]},{\"@type\":\"ImageObject\",\"inLanguage\":\"fr-FR\",\"@id\":\"https:\/\/www.hulstkampantwerpen.be\/fr\/vacants\/#primaryimage\",\"url\":\"https:\/\/www.hulstkampantwerpen.be\/wp-content\/uploads\/2024\/10\/hulstkamp-antwerpen_v-overons_lunch.jpg\",\"contentUrl\":\"https:\/\/www.hulstkampantwerpen.be\/wp-content\/uploads\/2024\/10\/hulstkamp-antwerpen_v-overons_lunch.jpg\"},{\"@type\":\"BreadcrumbList\",\"@id\":\"https:\/\/www.hulstkampantwerpen.be\/fr\/vacants\/#breadcrumb\",\"itemListElement\":[{\"@type\":\"ListItem\",\"position\":1,\"name\":\"HOME\",\"item\":\"https:\/\/www.hulstkampantwerpen.be\/fr\/\"},{\"@type\":\"ListItem\",\"position\":2,\"name\":\"Postes vacants\"}]},{\"@type\":\"WebSite\",\"@id\":\"https:\/\/www.hulstkampantwerpen.be\/#website\",\"url\":\"https:\/\/www.hulstkampantwerpen.be\/\",\"name\":\"Hulstkamp Antwerpen\",\"description\":\"Grand Caf\u00e9 Hulstkamp - All day Every day Food &amp; Drinks\",\"publisher\":{\"@id\":\"https:\/\/www.hulstkampantwerpen.be\/#organization\"},\"potentialAction\":[{\"@type\":\"SearchAction\",\"target\":{\"@type\":\"EntryPoint\",\"urlTemplate\":\"https:\/\/www.hulstkampantwerpen.be\/?s={search_term_string}\"},\"query-input\":\"required name=search_term_string\"}],\"inLanguage\":\"fr-FR\"},{\"@type\":\"Organization\",\"@id\":\"https:\/\/www.hulstkampantwerpen.be\/#organization\",\"name\":\"Hulstkamp Antwerpen\",\"url\":\"https:\/\/www.hulstkampantwerpen.be\/\",\"logo\":{\"@type\":\"ImageObject\",\"inLanguage\":\"fr-FR\",\"@id\":\"https:\/\/www.hulstkampantwerpen.be\/#\/schema\/logo\/image\/\",\"url\":\"https:\/\/www.hulstkampantwerpen.be\/wp-content\/uploads\/2023\/11\/hulstkamp-logo.png\",\"contentUrl\":\"https:\/\/www.hulstkampantwerpen.be\/wp-content\/uploads\/2023\/11\/hulstkamp-logo.png\",\"width\":1211,\"height\":91,\"caption\":\"Hulstkamp Antwerpen\"},\"image\":{\"@id\":\"https:\/\/www.hulstkampantwerpen.be\/#\/schema\/logo\/image\/\"},\"sameAs\":[\"https:\/\/www.facebook.com\/p\/Hulstkamp-Antwerpen-61553129326433\/\",\"https:\/\/www.instagram.com\/hulstkamp.antwerpen\/\"]}]}<\/script>\n<!-- \/ Yoast SEO Premium plugin. -->","yoast_head_json":{"title":"Postes vacants | Hulstkamp Antwerpen","robots":{"index":"index","follow":"follow","max-snippet":"max-snippet:-1","max-image-preview":"max-image-preview:large","max-video-preview":"max-video-preview:-1"},"canonical":"https:\/\/www.hulstkampantwerpen.be\/fr\/vacants\/","og_locale":"fr_FR","og_type":"article","og_title":"Postes vacants | Hulstkamp Antwerpen","og_description":"POSTES VACANTS POSTULEZ AUJOURD&#8217;HUI Vous recherchez un nouveau d\u00e9fi et notre entreprise vous int\u00e9resse? Nous sommes toujours \u00e0 la recherche de personnes motiv\u00e9es et passionn\u00e9es par leur m\u00e9tier. Vous vous sentez \u00e0 l&#8217;aise dans notre \u00e9quipe, mais le poste id\u00e9al n&#8217;est pas disponible? Aucun probl\u00e8me! N&#8217;h\u00e9sitez pas \u00e0 envoyer une candidature spontan\u00e9e avec votre motivation [&hellip;]","og_url":"https:\/\/www.hulstkampantwerpen.be\/fr\/vacants\/","og_site_name":"Hulstkamp Antwerpen","article_publisher":"https:\/\/www.facebook.com\/p\/Hulstkamp-Antwerpen-61553129326433\/","article_modified_time":"2025-06-08T10:27:53+00:00","og_image":[{"url":"https:\/\/www.hulstkampantwerpen.be\/wp-content\/uploads\/2024\/10\/hulstkamp-antwerpen_v-overons_lunch.jpg"}],"twitter_card":"summary_large_image","schema":{"@context":"https:\/\/schema.org","@graph":[{"@type":"WebPage","@id":"https:\/\/www.hulstkampantwerpen.be\/fr\/vacants\/","url":"https:\/\/www.hulstkampantwerpen.be\/fr\/vacants\/","name":"Postes vacants | Hulstkamp Antwerpen","isPartOf":{"@id":"https:\/\/www.hulstkampantwerpen.be\/#website"},"primaryImageOfPage":{"@id":"https:\/\/www.hulstkampantwerpen.be\/fr\/vacants\/#primaryimage"},"image":{"@id":"https:\/\/www.hulstkampantwerpen.be\/fr\/vacants\/#primaryimage"},"thumbnailUrl":"https:\/\/www.hulstkampantwerpen.be\/wp-content\/uploads\/2024\/10\/hulstkamp-antwerpen_v-overons_lunch.jpg","datePublished":"2025-06-08T09:30:12+00:00","dateModified":"2025-06-08T10:27:53+00:00","breadcrumb":{"@id":"https:\/\/www.hulstkampantwerpen.be\/fr\/vacants\/#breadcrumb"},"inLanguage":"fr-FR","potentialAction":[{"@type":"ReadAction","target":["https:\/\/www.hulstkampantwerpen.be\/fr\/vacants\/"]}]},{"@type":"ImageObject","inLanguage":"fr-FR","@id":"https:\/\/www.hulstkampantwerpen.be\/fr\/vacants\/#primaryimage","url":"https:\/\/www.hulstkampantwerpen.be\/wp-content\/uploads\/2024\/10\/hulstkamp-antwerpen_v-overons_lunch.jpg","contentUrl":"https:\/\/www.hulstkampantwerpen.be\/wp-content\/uploads\/2024\/10\/hulstkamp-antwerpen_v-overons_lunch.jpg"},{"@type":"BreadcrumbList","@id":"https:\/\/www.hulstkampantwerpen.be\/fr\/vacants\/#breadcrumb","itemListElement":[{"@type":"ListItem","position":1,"name":"HOME","item":"https:\/\/www.hulstkampantwerpen.be\/fr\/"},{"@type":"ListItem","position":2,"name":"Postes vacants"}]},{"@type":"WebSite","@id":"https:\/\/www.hulstkampantwerpen.be\/#website","url":"https:\/\/www.hulstkampantwerpen.be\/","name":"Hulstkamp Antwerpen","description":"Grand Caf\u00e9 Hulstkamp - All day Every day Food &amp; Drinks","publisher":{"@id":"https:\/\/www.hulstkampantwerpen.be\/#organization"},"potentialAction":[{"@type":"SearchAction","target":{"@type":"EntryPoint","urlTemplate":"https:\/\/www.hulstkampantwerpen.be\/?s={search_term_string}"},"query-input":"required name=search_term_string"}],"inLanguage":"fr-FR"},{"@type":"Organization","@id":"https:\/\/www.hulstkampantwerpen.be\/#organization","name":"Hulstkamp Antwerpen","url":"https:\/\/www.hulstkampantwerpen.be\/","logo":{"@type":"ImageObject","inLanguage":"fr-FR","@id":"https:\/\/www.hulstkampantwerpen.be\/#\/schema\/logo\/image\/","url":"https:\/\/www.hulstkampantwerpen.be\/wp-content\/uploads\/2023\/11\/hulstkamp-logo.png","contentUrl":"https:\/\/www.hulstkampantwerpen.be\/wp-content\/uploads\/2023\/11\/hulstkamp-logo.png","width":1211,"height":91,"caption":"Hulstkamp Antwerpen"},"image":{"@id":"https:\/\/www.hulstkampantwerpen.be\/#\/schema\/logo\/image\/"},"sameAs":["https:\/\/www.facebook.com\/p\/Hulstkamp-Antwerpen-61553129326433\/","https:\/\/www.instagram.com\/hulstkamp.antwerpen\/"]}]}},"_links":{"self":[{"href":"https:\/\/www.hulstkampantwerpen.be\/fr\/wp-json\/wp\/v2\/pages\/2347"}],"collection":[{"href":"https:\/\/www.hulstkampantwerpen.be\/fr\/wp-json\/wp\/v2\/pages"}],"about":[{"href":"https:\/\/www.hulstkampantwerpen.be\/fr\/wp-json\/wp\/v2\/types\/page"}],"author":[{"embeddable":true,"href":"https:\/\/www.hulstkampantwerpen.be\/fr\/wp-json\/wp\/v2\/users\/1"}],"replies":[{"embeddable":true,"href":"https:\/\/www.hulstkampantwerpen.be\/fr\/wp-json\/wp\/v2\/comments?post=2347"}],"version-history":[{"count":5,"href":"https:\/\/www.hulstkampantwerpen.be\/fr\/wp-json\/wp\/v2\/pages\/2347\/revisions"}],"predecessor-version":[{"id":2379,"href":"https:\/\/www.hulstkampantwerpen.be\/fr\/wp-json\/wp\/v2\/pages\/2347\/revisions\/2379"}],"wp:attachment":[{"href":"https:\/\/www.hulstkampantwerpen.be\/fr\/wp-json\/wp\/v2\/media?parent=2347"}],"curies":[{"name":"wp","href":"https:\/\/api.w.org\/{rel}","templated":true}]}}