{"id":179,"date":"2023-11-21T20:14:15","date_gmt":"2023-11-21T19:14:15","guid":{"rendered":"https:\/\/www.hulstkampantwerpen.be\/allergenen\/"},"modified":"2025-03-30T22:10:48","modified_gmt":"2025-03-30T20:10:48","slug":"allergenes","status":"publish","type":"page","link":"https:\/\/www.hulstkampantwerpen.be\/fr\/allergenes\/","title":{"rendered":"Allerg\u00e8nes"},"content":{"rendered":"\t\t<div data-elementor-type=\"wp-page\" data-elementor-id=\"179\" class=\"elementor elementor-179 elementor-77\" data-elementor-post-type=\"page\">\n\t\t\t\t<div class=\"elementor-element elementor-element-3f687d3a e-flex e-con-boxed e-con e-parent\" data-id=\"3f687d3a\" data-element_type=\"container\">\n\t\t\t\t\t<div class=\"e-con-inner\">\n\t\t\t\t<div class=\"elementor-element elementor-element-6092329a elementor-widget elementor-widget-heading\" data-id=\"6092329a\" data-element_type=\"widget\" data-widget_type=\"heading.default\">\n\t\t\t\t<div class=\"elementor-widget-container\">\n\t\t\t<h1 class=\"elementor-heading-title elementor-size-default\">ALLERG\u00c8NES<\/h1>\t\t<\/div>\n\t\t\t\t<\/div>\n\t\t\t\t<div class=\"elementor-element elementor-element-48b20ea8 elementor-widget-divider--view-line elementor-widget elementor-widget-divider\" data-id=\"48b20ea8\" data-element_type=\"widget\" data-widget_type=\"divider.default\">\n\t\t\t\t<div class=\"elementor-widget-container\">\n\t\t\t\t\t<div class=\"elementor-divider\">\n\t\t\t<span class=\"elementor-divider-separator\">\n\t\t\t\t\t\t<\/span>\n\t\t<\/div>\n\t\t\t\t<\/div>\n\t\t\t\t<\/div>\n\t\t\t\t<div class=\"elementor-element elementor-element-448d1544 elementor-widget elementor-widget-text-editor\" data-id=\"448d1544\" data-element_type=\"widget\" data-widget_type=\"text-editor.default\">\n\t\t\t\t<div class=\"elementor-widget-container\">\n\t\t\t\t\t\t\t<p>Nos plats sont pr\u00e9par\u00e9s chaque jour avec le soin n\u00e9cessaire dans notre cuisine. Cependant, il peut arriver que lors de ces pr\u00e9parations, des ingr\u00e9dients entrent en contact avec d&#8217;autres ingr\u00e9dients et\/ou allerg\u00e8nes. De plus, la composition de nos plats peut \u00e9galement changer \u00e0 tout moment.<\/p><p>Il existe plus de 10 allerg\u00e8nes diff\u00e9rents sur lesquels nous pouvons vous renseigner, tels que les c\u00e9r\u00e9ales contenant du gluten, les \u0153ufs, le poisson, les arachides, les fruits \u00e0 coque, le soja, le lait, dont le lactose, les crustac\u00e9s, les mollusques, le c\u00e9leri, la moutarde, les graines de s\u00e9same, les sulfites, lupins, etc. Nos employ\u00e9s du restaurant sont toujours \u00e0 votre service pour vous fournir plus d&#8217;informations sur les valeurs nutritionnelles d&#8217;un produit particulier.<\/p>\t\t\t\t\t\t<\/div>\n\t\t\t\t<\/div>\n\t\t\t\t<div class=\"elementor-element elementor-element-bfbf63e allergenen elementor-widget elementor-widget-text-editor\" data-id=\"bfbf63e\" data-element_type=\"widget\" data-widget_type=\"text-editor.default\">\n\t\t\t\t<div class=\"elementor-widget-container\">\n\t\t\t\t\t\t\t<table><thead><tr><td><p><strong>Plat<\/strong><\/p><\/td><td><p><strong>Allerg\u00e8nes<\/strong><\/p><\/td><\/tr><\/thead><tbody><tr><td><p><strong>Croissant<\/strong><\/p><\/td><td><p>Gluten, Lait (Beurre)<\/p><\/td><\/tr><tr><td><p><strong>Beurre et Confiture<\/strong><\/p><\/td><td><p>Gluten (Pain), Lait (Beurre)<\/p><\/td><\/tr><tr><td><p><strong>Petit D\u00e9jeuner Classique<\/strong><\/p><\/td><td><p>Gluten (Pain), Lait (Beurre, Lait), \u0152ufs (\u0152uf)<\/p><\/td><\/tr><tr><td><p><strong>Panier de Pain &amp; Croissant<\/strong><\/p><\/td><td><p>Gluten, Lait (Beurre)<\/p><\/td><\/tr><tr><td><p><strong>Jambon, Fromage, Confiture &amp; Chocolat<\/strong><\/p><\/td><td><p>Gluten (Pain), Lait (Fromage, Beurre, Lait), Viande (Jambon)<\/p><\/td><\/tr><tr><td><p><strong>\u0152uf au Plat \/ \u0152ufs Brouill\u00e9s \/ \u0152ufs Brouill\u00e9s avec Bacon<\/strong><\/p><\/td><td><p>\u0152ufs, Lait (Beurre, Fromage), Viande (Bacon)<\/p><\/td><\/tr><tr><td><p><strong>Yaourt Nature<\/strong><\/p><\/td><td><p>Lait (Yaourt)<\/p><\/td><\/tr><tr><td><p><strong>Petit D\u00e9jeuner Deluxe<\/strong><\/p><\/td><td><p>Gluten (Pain), Lait (Beurre, Lait, Fromage), \u0152ufs (\u0152uf), Alcool (Cava)<\/p><\/td><\/tr><tr><td><p><strong>Pancakes Am\u00e9ricains (Nature)<\/strong><\/p><\/td><td><p>Gluten (Pancakes), Lait (Beurre, Lait)<\/p><\/td><\/tr><tr><td><p><strong>Pancakes Am\u00e9ricains (Banane, Noix, Sirop d&#8217;\u00e9rable)<\/strong><\/p><\/td><td><p>Gluten (Pancakes), Lait (Beurre, Lait), Noix (Noix)<\/p><\/td><\/tr><tr><td><p><strong>Pancakes Am\u00e9ricains (Fruits Rouges, Sirop d&#8217;\u00e9rable)<\/strong><\/p><\/td><td><p>Gluten (Pancakes), Lait (Beurre, Lait)<\/p><\/td><\/tr><tr><td><p><strong>Omelette (Nature ou \u0152uf au Plat)<\/strong><\/p><\/td><td><p>\u0152ufs, Lait (Beurre, Fromage)<\/p><\/td><\/tr><tr><td><p><strong>Omelette Paysanne avec Bacon<\/strong><\/p><\/td><td><p>\u0152ufs, Lait (Beurre, Fromage), Viande (Bacon)<\/p><\/td><\/tr><tr><td><p><strong>Mangalica 24 Mois<\/strong><\/p><\/td><td><p>Viande (Porc), Lait (Fromage)<\/p><\/td><\/tr><tr><td><p><strong>Planche de Fromages Van Tricht<\/strong><\/p><\/td><td><p>Lait (Fromage)<\/p><\/td><\/tr><tr><td><p><strong>Olives<\/strong><\/p><\/td><td><p>Aucun allerg\u00e8ne<\/p><\/td><\/tr><tr><td><p><strong>Houmous, Pain Libanais<\/strong><\/p><\/td><td><p>Gluten (Pain), S\u00e9same (Dans le Houmous)<\/p><\/td><\/tr><tr><td><p><strong>Goujonettes (Ras El Hanout, Zeste de Citron)<\/strong><\/p><\/td><td><p>Gluten (Panure), Poisson (Si applicable)<\/p><\/td><\/tr><tr><td><p><strong>Assortiment Chaud (Bitterballen, Mini Cigares au Poulet, Calamars)<\/strong><\/p><\/td><td><p>Gluten (Panure), Viande (Poulet, B\u0153uf), Poisson (Calamars)<\/p><\/td><\/tr><tr><td><p><strong>Toast au Saumon Fum\u00e9 (Fromage Frais, Cresson)<\/strong><\/p><\/td><td><p>Gluten (Pain), Poisson (Saumon), Lait (Fromage Frais)<\/p><\/td><\/tr><tr><td><p><strong>Toast Champignons<\/strong><\/p><\/td><td><p>Gluten (Pain), Lait (Beurre)<\/p><\/td><\/tr><tr><td><p><strong>Toast Kannibaal de B\u0153uf Pi\u00e9montais Tranch\u00e9 \u00e0 la Main<\/strong><\/p><\/td><td><p>Gluten (Pain), Viande (B\u0153uf), Lait (Fromage, Sauce)<\/p><\/td><\/tr><tr><td><p><strong>Sandwich Pulled Chicken (Chili Doux, Salade de Chou)<\/strong><\/p><\/td><td><p>Gluten (Pain), Viande (Poulet)<\/p><\/td><\/tr><tr><td><p><strong>Panini Tomate (Mozzarella, Pesto)<\/strong><\/p><\/td><td><p>Gluten (Panini), Lait (Mozzarella), Noix (Pesto)<\/p><\/td><\/tr><tr><td><p><strong>Croque Monsieur<\/strong><\/p><\/td><td><p>Gluten (Pain), Lait (Fromage), Viande (Jambon)<\/p><\/td><\/tr><tr><td><p><strong>Croque Madame<\/strong><\/p><\/td><td><p>Gluten (Pain), Lait (Fromage), Viande (Jambon), \u0152ufs (\u0152uf)<\/p><\/td><\/tr><tr><td><p><strong>Croquettes de Crevettes<\/strong><\/p><\/td><td><p>Gluten (Panure), Crustac\u00e9s (Crevettes), Lait<\/p><\/td><\/tr><tr><td><p><strong>Croquettes de Fromage<\/strong><\/p><\/td><td><p>Gluten (Panure), Lait (Fromage)<\/p><\/td><\/tr><tr><td><p><strong>Salade Lardon Bacon<\/strong><\/p><\/td><td><p>Gluten (Pain), Lait (Fromage de Ch\u00e8vre), Viande (Bacon)<\/p><\/td><\/tr><tr><td><p><strong>Salade C\u00e9sar Poulet<\/strong><\/p><\/td><td><p>Gluten (Cro\u00fbtons), Lait (Fromage, Sauce), \u0152ufs (Sauce), Viande (Poulet)<\/p><\/td><\/tr><tr><td><p><strong>Salade C\u00e9sar Scampi<\/strong><\/p><\/td><td><p>Gluten (Cro\u00fbtons), Lait (Fromage, Sauce), \u0152ufs (Sauce), Crustac\u00e9s (Crevettes)<\/p><\/td><\/tr><tr><td><p><strong>Salade Burrata<\/strong><\/p><\/td><td><p>Lait (Burrata)<\/p><\/td><\/tr><tr><td><p><strong>Spaghetti Bolognese<\/strong><\/p><\/td><td><p>Gluten (P\u00e2tes), Lait (Parmesan), Viande (B\u0153uf)<\/p><\/td><\/tr><tr><td><p><strong>Penne Scampi (Pesto Rouge, Roquette, Parmesan)<\/strong><\/p><\/td><td><p>Gluten (P\u00e2tes), Crustac\u00e9s (Scampi), Lait (Parmesan)<\/p><\/td><\/tr><tr><td><p><strong>Lasagne Bolognese<\/strong><\/p><\/td><td><p>Gluten (Lasagne), Lait (Fromage, Sauce), Viande (B\u0153uf)<\/p><\/td><\/tr><tr><td><p><strong>Lasagne V\u00e9g\u00e9tarienne<\/strong><\/p><\/td><td><p>Gluten (Lasagne), Lait (Fromage, Sauce)<\/p><\/td><\/tr><tr><td><p><strong>Hamburger de B\u0153uf avec Frites (Oignons Caram\u00e9lis\u00e9s, Cheddar)<\/strong><\/p><\/td><td><p>Gluten (Pain), Lait (Cheddar), Viande (B\u0153uf)<\/p><\/td><\/tr><tr><td><p><strong>Spaghetti pour Enfant<\/strong><\/p><\/td><td><p>Gluten (P\u00e2tes)<\/p><\/td><\/tr><tr><td><p><strong>Nuggets de Poulet avec Frites Fra\u00eeches<\/strong><\/p><\/td><td><p>Gluten (Panure), Viande (Poulet)<\/p><\/td><\/tr><tr><td><p><strong>Soupe du Jour<\/strong><\/p><\/td><td><p>D\u00e9pend de la recette, peut contenir du gluten, des produits laitiers ou de la viande<\/p><\/td><\/tr><tr><td><p><strong>Carpaccio de B\u0153uf<\/strong><\/p><\/td><td><p>Viande (B\u0153uf), Lait (Parmesan, Sauce)<\/p><\/td><\/tr><tr><td><p><strong>Croquettes Duo Fromage &amp; Crevettes<\/strong><\/p><\/td><td><p>Gluten (Panure), Crustac\u00e9s (Crevettes), Lait (Fromage)<\/p><\/td><\/tr><tr><td><p><strong>Vol-au-Vent de Poulet Fermier<\/strong><\/p><\/td><td><p>Gluten (P\u00e2te), Lait (Cr\u00e8me, Fromage), Viande (Poulet)<\/p><\/td><\/tr><tr><td><p><strong>B\u0153uf Bourguignon<\/strong><\/p><\/td><td><p>Viande (B\u0153uf), Gluten (Sauce)<\/p><\/td><\/tr><tr><td><p><strong>Steak \u2018Belgique Blanc-Bleu\u2019<\/strong><\/p><\/td><td><p>Viande (B\u0153uf), Lait (Sauce B\u00e9arnaise ou Poivre)<\/p><\/td><\/tr><tr><td><p><strong>Ribeye Carima \u2018Sec Vieilli\u2019<\/strong><\/p><\/td><td><p>Viande (B\u0153uf)<\/p><\/td><\/tr><tr><td><p><strong>Tartare de B\u0153uf Pi\u00e9montais Tranch\u00e9 \u00e0 la Main<\/strong><\/p><\/td><td><p>Viande (B\u0153uf), \u0152ufs (Dans la Sauce)<\/p><\/td><\/tr><tr><td><p><strong>Filet de Porc \u2018Iberico\u2019<\/strong><\/p><\/td><td><p>Viande (Porc)<\/p><\/td><\/tr><tr><td><p><strong>C\u00f4tes de Porc<\/strong><\/p><\/td><td><p>Viande (Porc), Gluten (Sauce)<\/p><\/td><\/tr><tr><td><p><strong>Filet de Saumon Grill\u00e9<\/strong><\/p><\/td><td><p>Poisson (Saumon), Lait (Sauce B\u00e9arnaise)<\/p><\/td><\/tr><tr><td><p><strong>Sole Meuni\u00e8re<\/strong><\/p><\/td><td><p>Poisson (Sole), Lait (Beurre)<\/p><\/td><\/tr><tr><td><p><strong>Filet de Morue<\/strong><\/p><\/td><td><p>Poisson (Morue), Lait (Sauce Mousseline)<\/p><\/td><\/tr><tr><td><p><strong>Gaufres Sucr\u00e9es<\/strong><\/p><\/td><td><p>Gluten, Lait (Beurre)<\/p><\/td><\/tr><tr><td><p><strong>Gaufres aux Cerises Chaudes<\/strong><\/p><\/td><td><p>Gluten, Lait (Beurre, Cr\u00e8me Chantilly)<\/p><\/td><\/tr><tr><td><p><strong>Cr\u00eapes (Sucre ou Sirop)<\/strong><\/p><\/td><td><p>Gluten, Lait (Beurre, Lait)<\/p><\/td><\/tr><tr><td><p><strong>Tarte aux Pommes Chaudes<\/strong><\/p><\/td><td><p>Gluten (P\u00e2te), Lait (Beurre, Lait)<\/p><\/td><\/tr><tr><td><p><strong>Moelleux au Chocolat avec Glace Vanille<\/strong><\/p><\/td><td><p>Gluten (G\u00e2teau), Lait (Glace)<\/p><\/td><\/tr><tr><td><p><strong>Tiramisu<\/strong><\/p><\/td><td><p>Gluten (G\u00e2teau), Lait (Mascarpone)<\/p><\/td><\/tr><tr><td><p><strong>Cr\u00e8me Br\u00fbl\u00e9e<\/strong><\/p><\/td><td><p>Lait (Cr\u00e8me)<\/p><\/td><\/tr><tr><td><p><strong>Caf\u00e9 Glac\u00e9<\/strong><\/p><\/td><td><p>Lait (Glace)<\/p><\/td><\/tr><tr><td><p><strong>Dame Blanche<\/strong><\/p><\/td><td><p>Lait (Glace, Cr\u00e8me Chantilly)<\/p><\/td><\/tr><tr><td><p><strong>Coupe de Cerises<\/strong><\/p><\/td><td><p>Lait (Glace, Cr\u00e8me Chantilly)<\/p><\/td><\/tr><tr><td><p><strong>Coupe Advocaat<\/strong><\/p><\/td><td><p>Lait (Glace, Cr\u00e8me Chantilly)<\/p><\/td><\/tr><tr><td><p><strong>Glace pour Enfant<\/strong><\/p><\/td><td><p>Lait (Glace)<\/p><\/td><\/tr><\/tbody><\/table>\t\t\t\t\t\t<\/div>\n\t\t\t\t<\/div>\n\t\t\t\t\t<\/div>\n\t\t\t\t<\/div>\n\t\t<div class=\"elementor-element elementor-element-23cafc8a e-flex e-con-boxed e-con e-parent\" data-id=\"23cafc8a\" data-element_type=\"container\">\n\t\t\t\t\t<div class=\"e-con-inner\">\n\t\t\t\t<div class=\"elementor-element elementor-element-487f639a elementor-widget-divider--view-line elementor-widget elementor-widget-divider\" data-id=\"487f639a\" data-element_type=\"widget\" data-widget_type=\"divider.default\">\n\t\t\t\t<div class=\"elementor-widget-container\">\n\t\t\t\t\t<div class=\"elementor-divider\">\n\t\t\t<span class=\"elementor-divider-separator\">\n\t\t\t\t\t\t<\/span>\n\t\t<\/div>\n\t\t\t\t<\/div>\n\t\t\t\t<\/div>\n\t\t\t\t\t<\/div>\n\t\t\t\t<\/div>\n\t\t<div class=\"elementor-element elementor-element-110d5128 e-flex e-con-boxed e-con e-parent\" data-id=\"110d5128\" data-element_type=\"container\">\n\t\t\t\t\t<div class=\"e-con-inner\">\n\t\t<div class=\"elementor-element elementor-element-2513958c e-con-full e-flex e-con e-child\" data-id=\"2513958c\" data-element_type=\"container\">\n\t\t\t\t<div class=\"elementor-element elementor-element-6f1e45a3 elementor-mobile-align-justify elementor-widget elementor-widget-button\" data-id=\"6f1e45a3\" data-element_type=\"widget\" data-widget_type=\"button.default\">\n\t\t\t\t<div class=\"elementor-widget-container\">\n\t\t\t\t\t<div class=\"elementor-button-wrapper\">\n\t\t\t<a class=\"elementor-button elementor-button-link elementor-size-sm\" href=\"https:\/\/www.hulstkampantwerpen.be\/fr\/menu\/\">\n\t\t\t\t\t\t<span class=\"elementor-button-content-wrapper\">\n\t\t\t\t\t\t<span class=\"elementor-button-icon\">\n\t\t\t\t<svg aria-hidden=\"true\" class=\"e-font-icon-svg e-fas-chevron-left\" viewBox=\"0 0 320 512\" xmlns=\"http:\/\/www.w3.org\/2000\/svg\"><path d=\"M34.52 239.03L228.87 44.69c9.37-9.37 24.57-9.37 33.94 0l22.67 22.67c9.36 9.36 9.37 24.52.04 33.9L131.49 256l154.02 154.75c9.34 9.38 9.32 24.54-.04 33.9l-22.67 22.67c-9.37 9.37-24.57 9.37-33.94 0L34.52 272.97c-9.37-9.37-9.37-24.57 0-33.94z\"><\/path><\/svg>\t\t\t<\/span>\n\t\t\t\t\t\t\t\t\t<span class=\"elementor-button-text\">MENU<\/span>\n\t\t\t\t\t<\/span>\n\t\t\t\t\t<\/a>\n\t\t<\/div>\n\t\t\t\t<\/div>\n\t\t\t\t<\/div>\n\t\t\t\t<\/div>\n\t\t\t\t\t<\/div>\n\t\t\t\t<\/div>\n\t\t\t\t<\/div>\n\t\t","protected":false},"excerpt":{"rendered":"<p>ALLERG\u00c8NES Nos plats sont pr\u00e9par\u00e9s chaque jour avec le soin n\u00e9cessaire dans notre cuisine. Cependant, il peut arriver que lors de ces pr\u00e9parations, des ingr\u00e9dients entrent en contact avec d&#8217;autres ingr\u00e9dients et\/ou allerg\u00e8nes. De plus, la composition de nos plats peut \u00e9galement changer \u00e0 tout moment. Il existe plus de 10 allerg\u00e8nes diff\u00e9rents sur lesquels [&hellip;]<\/p>\n","protected":false},"author":1,"featured_media":571,"parent":0,"menu_order":3,"comment_status":"closed","ping_status":"closed","template":"","meta":{"footnotes":""},"yoast_head":"<!-- This site is optimized with the Yoast SEO Premium plugin v22.6 (Yoast SEO v22.6) - https:\/\/yoast.com\/wordpress\/plugins\/seo\/ -->\n<title>Allerg\u00e8nes | Hulstkamp Anvers<\/title>\n<meta name=\"description\" content=\"Consultez notre fiche allerg\u00e8nes ici. Il existe plus de 10 allerg\u00e8nes diff\u00e9rents sur lesquels nous pouvons vous renseigner. Nous sommes toujours \u00e0 votre service pour vous fournir plus d&#039;informations sur les valeurs nutritionnelles d&#039;un produit particulier.\" \/>\n<meta name=\"robots\" content=\"noindex, follow\" \/>\n<meta property=\"og:locale\" content=\"fr_FR\" \/>\n<meta property=\"og:type\" content=\"article\" \/>\n<meta property=\"og:title\" content=\"Allerg\u00e8nes | Hulstkamp Antwerpen\" \/>\n<meta property=\"og:description\" content=\"Consultez notre fiche allerg\u00e8nes ici. Il existe plus de 10 allerg\u00e8nes diff\u00e9rents sur lesquels nous pouvons vous renseigner. Nous sommes toujours \u00e0 votre service pour vous fournir plus d&#039;informations sur les valeurs nutritionnelles d&#039;un produit particulier.\" \/>\n<meta property=\"og:url\" content=\"https:\/\/www.hulstkampantwerpen.be\/fr\/allergenes\/\" \/>\n<meta property=\"og:site_name\" content=\"Hulstkamp Antwerpen\" \/>\n<meta property=\"article:publisher\" content=\"https:\/\/www.facebook.com\/p\/Hulstkamp-Antwerpen-61553129326433\/\" \/>\n<meta property=\"article:modified_time\" content=\"2025-03-30T20:10:48+00:00\" \/>\n<meta property=\"og:image\" content=\"https:\/\/www.hulstkampantwerpen.be\/wp-content\/uploads\/2024\/10\/hulstkamp-antwerpen_v-dinner.jpg\" \/>\n\t<meta property=\"og:image:width\" content=\"900\" \/>\n\t<meta property=\"og:image:height\" content=\"1350\" \/>\n\t<meta property=\"og:image:type\" content=\"image\/jpeg\" \/>\n<meta name=\"twitter:card\" content=\"summary_large_image\" \/>\n<script type=\"application\/ld+json\" class=\"yoast-schema-graph\">{\"@context\":\"https:\/\/schema.org\",\"@graph\":[{\"@type\":\"WebPage\",\"@id\":\"https:\/\/www.hulstkampantwerpen.be\/fr\/allergenes\/\",\"url\":\"https:\/\/www.hulstkampantwerpen.be\/fr\/allergenes\/\",\"name\":\"Allerg\u00e8nes | Hulstkamp Anvers\",\"isPartOf\":{\"@id\":\"https:\/\/www.hulstkampantwerpen.be\/#website\"},\"primaryImageOfPage\":{\"@id\":\"https:\/\/www.hulstkampantwerpen.be\/fr\/allergenes\/#primaryimage\"},\"image\":{\"@id\":\"https:\/\/www.hulstkampantwerpen.be\/fr\/allergenes\/#primaryimage\"},\"thumbnailUrl\":\"https:\/\/www.hulstkampantwerpen.be\/wp-content\/uploads\/2024\/10\/hulstkamp-antwerpen_v-dinner.jpg\",\"datePublished\":\"2023-11-21T19:14:15+00:00\",\"dateModified\":\"2025-03-30T20:10:48+00:00\",\"description\":\"Consultez notre fiche allerg\u00e8nes ici. Il existe plus de 10 allerg\u00e8nes diff\u00e9rents sur lesquels nous pouvons vous renseigner. Nous sommes toujours \u00e0 votre service pour vous fournir plus d'informations sur les valeurs nutritionnelles d'un produit particulier.\",\"breadcrumb\":{\"@id\":\"https:\/\/www.hulstkampantwerpen.be\/fr\/allergenes\/#breadcrumb\"},\"inLanguage\":\"fr-FR\",\"potentialAction\":[{\"@type\":\"ReadAction\",\"target\":[\"https:\/\/www.hulstkampantwerpen.be\/fr\/allergenes\/\"]}]},{\"@type\":\"ImageObject\",\"inLanguage\":\"fr-FR\",\"@id\":\"https:\/\/www.hulstkampantwerpen.be\/fr\/allergenes\/#primaryimage\",\"url\":\"https:\/\/www.hulstkampantwerpen.be\/wp-content\/uploads\/2024\/10\/hulstkamp-antwerpen_v-dinner.jpg\",\"contentUrl\":\"https:\/\/www.hulstkampantwerpen.be\/wp-content\/uploads\/2024\/10\/hulstkamp-antwerpen_v-dinner.jpg\",\"width\":900,\"height\":1350,\"caption\":\"Hulstkamp Anvers - D\u00eener\"},{\"@type\":\"BreadcrumbList\",\"@id\":\"https:\/\/www.hulstkampantwerpen.be\/fr\/allergenes\/#breadcrumb\",\"itemListElement\":[{\"@type\":\"ListItem\",\"position\":1,\"name\":\"HOME\",\"item\":\"https:\/\/www.hulstkampantwerpen.be\/fr\/\"},{\"@type\":\"ListItem\",\"position\":2,\"name\":\"Allerg\u00e8nes\"}]},{\"@type\":\"WebSite\",\"@id\":\"https:\/\/www.hulstkampantwerpen.be\/#website\",\"url\":\"https:\/\/www.hulstkampantwerpen.be\/\",\"name\":\"Hulstkamp Antwerpen\",\"description\":\"Grand Caf\u00e9 Hulstkamp - All day Every day Food &amp; Drinks\",\"publisher\":{\"@id\":\"https:\/\/www.hulstkampantwerpen.be\/#organization\"},\"potentialAction\":[{\"@type\":\"SearchAction\",\"target\":{\"@type\":\"EntryPoint\",\"urlTemplate\":\"https:\/\/www.hulstkampantwerpen.be\/?s={search_term_string}\"},\"query-input\":\"required name=search_term_string\"}],\"inLanguage\":\"fr-FR\"},{\"@type\":\"Organization\",\"@id\":\"https:\/\/www.hulstkampantwerpen.be\/#organization\",\"name\":\"Hulstkamp Antwerpen\",\"url\":\"https:\/\/www.hulstkampantwerpen.be\/\",\"logo\":{\"@type\":\"ImageObject\",\"inLanguage\":\"fr-FR\",\"@id\":\"https:\/\/www.hulstkampantwerpen.be\/#\/schema\/logo\/image\/\",\"url\":\"https:\/\/www.hulstkampantwerpen.be\/wp-content\/uploads\/2023\/11\/hulstkamp-logo.png\",\"contentUrl\":\"https:\/\/www.hulstkampantwerpen.be\/wp-content\/uploads\/2023\/11\/hulstkamp-logo.png\",\"width\":1211,\"height\":91,\"caption\":\"Hulstkamp Antwerpen\"},\"image\":{\"@id\":\"https:\/\/www.hulstkampantwerpen.be\/#\/schema\/logo\/image\/\"},\"sameAs\":[\"https:\/\/www.facebook.com\/p\/Hulstkamp-Antwerpen-61553129326433\/\",\"https:\/\/www.instagram.com\/hulstkamp.antwerpen\/\"]}]}<\/script>\n<!-- \/ Yoast SEO Premium plugin. -->","yoast_head_json":{"title":"Allerg\u00e8nes | Hulstkamp Anvers","description":"Consultez notre fiche allerg\u00e8nes ici. Il existe plus de 10 allerg\u00e8nes diff\u00e9rents sur lesquels nous pouvons vous renseigner. Nous sommes toujours \u00e0 votre service pour vous fournir plus d'informations sur les valeurs nutritionnelles d'un produit particulier.","robots":{"index":"noindex","follow":"follow"},"og_locale":"fr_FR","og_type":"article","og_title":"Allerg\u00e8nes | Hulstkamp Antwerpen","og_description":"Consultez notre fiche allerg\u00e8nes ici. Il existe plus de 10 allerg\u00e8nes diff\u00e9rents sur lesquels nous pouvons vous renseigner. Nous sommes toujours \u00e0 votre service pour vous fournir plus d'informations sur les valeurs nutritionnelles d'un produit particulier.","og_url":"https:\/\/www.hulstkampantwerpen.be\/fr\/allergenes\/","og_site_name":"Hulstkamp Antwerpen","article_publisher":"https:\/\/www.facebook.com\/p\/Hulstkamp-Antwerpen-61553129326433\/","article_modified_time":"2025-03-30T20:10:48+00:00","og_image":[{"width":900,"height":1350,"url":"https:\/\/www.hulstkampantwerpen.be\/wp-content\/uploads\/2024\/10\/hulstkamp-antwerpen_v-dinner.jpg","type":"image\/jpeg"}],"twitter_card":"summary_large_image","schema":{"@context":"https:\/\/schema.org","@graph":[{"@type":"WebPage","@id":"https:\/\/www.hulstkampantwerpen.be\/fr\/allergenes\/","url":"https:\/\/www.hulstkampantwerpen.be\/fr\/allergenes\/","name":"Allerg\u00e8nes | Hulstkamp Anvers","isPartOf":{"@id":"https:\/\/www.hulstkampantwerpen.be\/#website"},"primaryImageOfPage":{"@id":"https:\/\/www.hulstkampantwerpen.be\/fr\/allergenes\/#primaryimage"},"image":{"@id":"https:\/\/www.hulstkampantwerpen.be\/fr\/allergenes\/#primaryimage"},"thumbnailUrl":"https:\/\/www.hulstkampantwerpen.be\/wp-content\/uploads\/2024\/10\/hulstkamp-antwerpen_v-dinner.jpg","datePublished":"2023-11-21T19:14:15+00:00","dateModified":"2025-03-30T20:10:48+00:00","description":"Consultez notre fiche allerg\u00e8nes ici. Il existe plus de 10 allerg\u00e8nes diff\u00e9rents sur lesquels nous pouvons vous renseigner. Nous sommes toujours \u00e0 votre service pour vous fournir plus d'informations sur les valeurs nutritionnelles d'un produit particulier.","breadcrumb":{"@id":"https:\/\/www.hulstkampantwerpen.be\/fr\/allergenes\/#breadcrumb"},"inLanguage":"fr-FR","potentialAction":[{"@type":"ReadAction","target":["https:\/\/www.hulstkampantwerpen.be\/fr\/allergenes\/"]}]},{"@type":"ImageObject","inLanguage":"fr-FR","@id":"https:\/\/www.hulstkampantwerpen.be\/fr\/allergenes\/#primaryimage","url":"https:\/\/www.hulstkampantwerpen.be\/wp-content\/uploads\/2024\/10\/hulstkamp-antwerpen_v-dinner.jpg","contentUrl":"https:\/\/www.hulstkampantwerpen.be\/wp-content\/uploads\/2024\/10\/hulstkamp-antwerpen_v-dinner.jpg","width":900,"height":1350,"caption":"Hulstkamp Anvers - D\u00eener"},{"@type":"BreadcrumbList","@id":"https:\/\/www.hulstkampantwerpen.be\/fr\/allergenes\/#breadcrumb","itemListElement":[{"@type":"ListItem","position":1,"name":"HOME","item":"https:\/\/www.hulstkampantwerpen.be\/fr\/"},{"@type":"ListItem","position":2,"name":"Allerg\u00e8nes"}]},{"@type":"WebSite","@id":"https:\/\/www.hulstkampantwerpen.be\/#website","url":"https:\/\/www.hulstkampantwerpen.be\/","name":"Hulstkamp Antwerpen","description":"Grand Caf\u00e9 Hulstkamp - All day Every day Food &amp; Drinks","publisher":{"@id":"https:\/\/www.hulstkampantwerpen.be\/#organization"},"potentialAction":[{"@type":"SearchAction","target":{"@type":"EntryPoint","urlTemplate":"https:\/\/www.hulstkampantwerpen.be\/?s={search_term_string}"},"query-input":"required name=search_term_string"}],"inLanguage":"fr-FR"},{"@type":"Organization","@id":"https:\/\/www.hulstkampantwerpen.be\/#organization","name":"Hulstkamp Antwerpen","url":"https:\/\/www.hulstkampantwerpen.be\/","logo":{"@type":"ImageObject","inLanguage":"fr-FR","@id":"https:\/\/www.hulstkampantwerpen.be\/#\/schema\/logo\/image\/","url":"https:\/\/www.hulstkampantwerpen.be\/wp-content\/uploads\/2023\/11\/hulstkamp-logo.png","contentUrl":"https:\/\/www.hulstkampantwerpen.be\/wp-content\/uploads\/2023\/11\/hulstkamp-logo.png","width":1211,"height":91,"caption":"Hulstkamp Antwerpen"},"image":{"@id":"https:\/\/www.hulstkampantwerpen.be\/#\/schema\/logo\/image\/"},"sameAs":["https:\/\/www.facebook.com\/p\/Hulstkamp-Antwerpen-61553129326433\/","https:\/\/www.instagram.com\/hulstkamp.antwerpen\/"]}]}},"_links":{"self":[{"href":"https:\/\/www.hulstkampantwerpen.be\/fr\/wp-json\/wp\/v2\/pages\/179"}],"collection":[{"href":"https:\/\/www.hulstkampantwerpen.be\/fr\/wp-json\/wp\/v2\/pages"}],"about":[{"href":"https:\/\/www.hulstkampantwerpen.be\/fr\/wp-json\/wp\/v2\/types\/page"}],"author":[{"embeddable":true,"href":"https:\/\/www.hulstkampantwerpen.be\/fr\/wp-json\/wp\/v2\/users\/1"}],"replies":[{"embeddable":true,"href":"https:\/\/www.hulstkampantwerpen.be\/fr\/wp-json\/wp\/v2\/comments?post=179"}],"version-history":[{"count":5,"href":"https:\/\/www.hulstkampantwerpen.be\/fr\/wp-json\/wp\/v2\/pages\/179\/revisions"}],"predecessor-version":[{"id":2334,"href":"https:\/\/www.hulstkampantwerpen.be\/fr\/wp-json\/wp\/v2\/pages\/179\/revisions\/2334"}],"wp:featuredmedia":[{"embeddable":true,"href":"https:\/\/www.hulstkampantwerpen.be\/fr\/wp-json\/wp\/v2\/media\/571"}],"wp:attachment":[{"href":"https:\/\/www.hulstkampantwerpen.be\/fr\/wp-json\/wp\/v2\/media?parent=179"}],"curies":[{"name":"wp","href":"https:\/\/api.w.org\/{rel}","templated":true}]}}