{"id":175,"date":"2023-11-21T20:13:02","date_gmt":"2023-11-21T19:13:02","guid":{"rendered":"https:\/\/www.hulstkampantwerpen.be\/over-ons\/"},"modified":"2024-11-05T22:22:58","modified_gmt":"2024-11-05T21:22:58","slug":"nous","status":"publish","type":"page","link":"https:\/\/www.hulstkampantwerpen.be\/fr\/nous\/","title":{"rendered":"\u00c0 propos de nous"},"content":{"rendered":"\t\t<div data-elementor-type=\"wp-page\" data-elementor-id=\"175\" class=\"elementor elementor-175 elementor-73\" data-elementor-post-type=\"page\">\n\t\t\t\t<div class=\"elementor-element elementor-element-60f01345 e-flex e-con-boxed e-con e-parent\" data-id=\"60f01345\" data-element_type=\"container\">\n\t\t\t\t\t<div class=\"e-con-inner\">\n\t\t<div class=\"elementor-element elementor-element-4e5a0b0c e-con-full e-flex e-con e-child\" data-id=\"4e5a0b0c\" data-element_type=\"container\">\n\t\t\t\t<div class=\"elementor-element elementor-element-2166f3a5 elementor-widget elementor-widget-heading\" data-id=\"2166f3a5\" data-element_type=\"widget\" data-widget_type=\"heading.default\">\n\t\t\t\t<div class=\"elementor-widget-container\">\n\t\t\t<h1 class=\"elementor-heading-title elementor-size-default\">\u00c0 PROPOS DE NOUS<\/h1>\t\t<\/div>\n\t\t\t\t<\/div>\n\t\t\t\t<div class=\"elementor-element elementor-element-23d43d3 elementor-widget elementor-widget-heading\" data-id=\"23d43d3\" data-element_type=\"widget\" data-widget_type=\"heading.default\">\n\t\t\t\t<div class=\"elementor-widget-container\">\n\t\t\t<h2 class=\"elementor-heading-title elementor-size-default\">D\u00c9COUVREZ NOTRE HISTOIRE<\/h2>\t\t<\/div>\n\t\t\t\t<\/div>\n\t\t\t\t<div class=\"elementor-element elementor-element-2aa7633c elementor-widget elementor-widget-text-editor\" data-id=\"2aa7633c\" data-element_type=\"widget\" data-widget_type=\"text-editor.default\">\n\t\t\t\t<div class=\"elementor-widget-container\">\n\t\t\t\t\t\t\t<p>La Brasserie Hulstkamp est une brasserie nostalgique situ\u00e9e sur le c\u00e9l\u00e8bre boulevard pi\u00e9tonnier du Keyserlei, au centre d&#8217;Anvers, \u00e0 proximit\u00e9 de la gare centrale et du Meir.<\/p><p>Cet \u00e9tablissement styl\u00e9, dont l&#8217;int\u00e9rieur refl\u00e8te l&#8217;atmosph\u00e8re de la belle p\u00e9riode Belle-Epoque d&#8217;antan, vous transporte au temps des boh\u00e8mes et des artistes qui s&#8217;y produisaient r\u00e9guli\u00e8rement.<\/p><p>Je pense \u00e0 des personnalit\u00e9s publiques telles que le po\u00e8te Paul van Ostaijen et le peintre Eugeen Van Mieghem, qui ont trouv\u00e9 ici leur inspiration pour leur r\u00e9pertoire ult\u00e9rieur. Et disons que tout a commenc\u00e9 dans une distillerie en 1907 d&#8217;o\u00f9 est n\u00e9e au fil des ann\u00e9es cette occasion charismatique au fil des ann\u00e9es du d\u00e9but du XX\u00e8me si\u00e8cle et est aujourd&#8217;hui ouverte 7j\/7 de 9h \u00e0 12h.<\/p><p>Notre int\u00e9rieur original vous apporte s\u00e9r\u00e9nit\u00e9 et tranquillit\u00e9.<br \/>Nous vous proposons une carte compl\u00e8te allant des formules sal\u00e9es du petit-d\u00e9jeuner, du d\u00e9jeuner, du d\u00eener aux desserts.<\/p><p>Vous \u00eates \u00e9galement les bienvenus tout au long de la journ\u00e9e pour s\u00e9journer sur notre agr\u00e9able terrasse chauff\u00e9e en pr\u00e9sence de notre offre sp\u00e9ciale de caf\u00e9s et de cocktails, ainsi que d&#8217;autres boissons.<\/p><p>N&#8217;oubliez pas de nous demander nos suggestions du jour et de saison et nous serons heureux de vous accueillir lors de votre prochaine visite \u00e0 la Brasserie Hulstkamp.<\/p>\t\t\t\t\t\t<\/div>\n\t\t\t\t<\/div>\n\t\t<div class=\"elementor-element elementor-element-763b6258 e-con-full e-flex e-con e-child\" data-id=\"763b6258\" data-element_type=\"container\">\n\t\t\t\t<div class=\"elementor-element elementor-element-414a3083 elementor-mobile-align-justify elementor-widget elementor-widget-button\" data-id=\"414a3083\" data-element_type=\"widget\" data-widget_type=\"button.default\">\n\t\t\t\t<div class=\"elementor-widget-container\">\n\t\t\t\t\t<div class=\"elementor-button-wrapper\">\n\t\t\t<a class=\"elementor-button elementor-button-link elementor-size-sm\" href=\"https:\/\/www.hulstkampantwerpen.be\/fr\/menu\/\">\n\t\t\t\t\t\t<span class=\"elementor-button-content-wrapper\">\n\t\t\t\t\t\t\t\t\t<span class=\"elementor-button-text\">MENU<\/span>\n\t\t\t\t\t<\/span>\n\t\t\t\t\t<\/a>\n\t\t<\/div>\n\t\t\t\t<\/div>\n\t\t\t\t<\/div>\n\t\t\t\t<div class=\"elementor-element elementor-element-6a7dfa29 elementor-mobile-align-justify elementor-widget elementor-widget-button\" data-id=\"6a7dfa29\" data-element_type=\"widget\" data-widget_type=\"button.default\">\n\t\t\t\t<div class=\"elementor-widget-container\">\n\t\t\t\t\t<div class=\"elementor-button-wrapper\">\n\t\t\t<a class=\"elementor-button elementor-button-link elementor-size-sm\" href=\"https:\/\/www.hulstkampantwerpen.be\/fr\/reserve\/\">\n\t\t\t\t\t\t<span class=\"elementor-button-content-wrapper\">\n\t\t\t\t\t\t\t\t\t<span class=\"elementor-button-text\">R\u00c9SERVE<\/span>\n\t\t\t\t\t<\/span>\n\t\t\t\t\t<\/a>\n\t\t<\/div>\n\t\t\t\t<\/div>\n\t\t\t\t<\/div>\n\t\t\t\t<\/div>\n\t\t\t\t<\/div>\n\t\t<div class=\"elementor-element elementor-element-75ca15b3 e-con-full e-flex e-con e-child\" data-id=\"75ca15b3\" data-element_type=\"container\">\n\t\t\t\t<div class=\"elementor-element elementor-element-7e534999 elementor-widget elementor-widget-image\" data-id=\"7e534999\" data-element_type=\"widget\" data-widget_type=\"image.default\">\n\t\t\t\t<div class=\"elementor-widget-container\">\n\t\t\t\t\t\t\t\t\t\t\t\t\t<img fetchpriority=\"high\" decoding=\"async\" width=\"900\" height=\"1350\" src=\"https:\/\/www.hulstkampantwerpen.be\/wp-content\/uploads\/2024\/10\/hulstkamp-antwerpen_v-overons.jpg\" class=\"attachment-full size-full wp-image-436\" alt=\"Hulstkamp Anvers - \u00c0 propos de nous\" srcset=\"https:\/\/www.hulstkampantwerpen.be\/wp-content\/uploads\/2024\/10\/hulstkamp-antwerpen_v-overons.jpg 900w, https:\/\/www.hulstkampantwerpen.be\/wp-content\/uploads\/2024\/10\/hulstkamp-antwerpen_v-overons-600x900.jpg 600w, https:\/\/www.hulstkampantwerpen.be\/wp-content\/uploads\/2024\/10\/hulstkamp-antwerpen_v-overons-320x480.jpg 320w, https:\/\/www.hulstkampantwerpen.be\/wp-content\/uploads\/2024\/10\/hulstkamp-antwerpen_v-overons-683x1024.jpg 683w, https:\/\/www.hulstkampantwerpen.be\/wp-content\/uploads\/2024\/10\/hulstkamp-antwerpen_v-overons-768x1152.jpg 768w\" sizes=\"(max-width: 900px) 100vw, 900px\" \/>\t\t\t\t\t\t\t\t\t\t\t\t\t<\/div>\n\t\t\t\t<\/div>\n\t\t\t\t<\/div>\n\t\t\t\t\t<\/div>\n\t\t\t\t<\/div>\n\t\t<div class=\"elementor-element elementor-element-22363c92 e-flex e-con-boxed e-con e-parent\" data-id=\"22363c92\" data-element_type=\"container\">\n\t\t\t\t\t<div class=\"e-con-inner\">\n\t\t\t\t<div class=\"elementor-element elementor-element-3fed5516 elementor-widget elementor-widget-heading\" data-id=\"3fed5516\" data-element_type=\"widget\" data-widget_type=\"heading.default\">\n\t\t\t\t<div class=\"elementor-widget-container\">\n\t\t\t<h2 class=\"elementor-heading-title elementor-size-default\">PETIT-D\u00c9JEUNER <span style=\"font-family: Arial Black\">\u2022<\/span> D\u00c9JEUNER <span style=\"font-family: Arial Black\">\u2022<\/span> D\u00ceNER <span style=\"font-family: Arial Black\">\u2022<\/span> COCKTAILS<\/h2>\t\t<\/div>\n\t\t\t\t<\/div>\n\t\t\t\t<div class=\"elementor-element elementor-element-4d70e0c4 elementor-widget elementor-widget-gallery\" data-id=\"4d70e0c4\" data-element_type=\"widget\" data-settings=\"{&quot;gallery_layout&quot;:&quot;masonry&quot;,&quot;columns&quot;:3,&quot;gap&quot;:{&quot;unit&quot;:&quot;px&quot;,&quot;size&quot;:32,&quot;sizes&quot;:[]},&quot;lazyload&quot;:&quot;yes&quot;,&quot;columns_tablet&quot;:2,&quot;columns_mobile&quot;:1,&quot;gap_tablet&quot;:{&quot;unit&quot;:&quot;px&quot;,&quot;size&quot;:10,&quot;sizes&quot;:[]},&quot;gap_mobile&quot;:{&quot;unit&quot;:&quot;px&quot;,&quot;size&quot;:10,&quot;sizes&quot;:[]},&quot;content_hover_animation&quot;:&quot;fade-in&quot;}\" data-widget_type=\"gallery.default\">\n\t\t\t\t<div class=\"elementor-widget-container\">\n\t\t\t\t\t<div class=\"elementor-gallery__container\">\n\t\t\t\t\t\t\t<div class=\"e-gallery-item elementor-gallery-item elementor-animated-content\">\n\t\t\t\t\t<div class=\"e-gallery-image elementor-gallery-item__image\" data-thumbnail=\"https:\/\/www.hulstkampantwerpen.be\/wp-content\/uploads\/2024\/10\/hulstkamp-antwerpen_v-overons_ontbijt-768x1152.jpg\" data-width=\"768\" data-height=\"1152\" aria-label=\"Hulstkamp Anvers - \u00c0 propos de nous - petit-d\u00e9jeuner\" role=\"img\" ><\/div>\n\t\t\t\t\t\t\t\t\t\t\t\t\t\t<\/div>\n\t\t\t\t\t\t\t<div class=\"e-gallery-item elementor-gallery-item elementor-animated-content\">\n\t\t\t\t\t<div class=\"e-gallery-image elementor-gallery-item__image\" data-thumbnail=\"https:\/\/www.hulstkampantwerpen.be\/wp-content\/uploads\/2024\/10\/hulstkamp-antwerpen_v-overons_geschiedenis-768x1152.jpg\" data-width=\"768\" data-height=\"1152\" aria-label=\"Hulstkamp Anvers - \u00c0 propos de nous - histoire\" role=\"img\" ><\/div>\n\t\t\t\t\t\t\t\t\t\t\t\t\t\t<\/div>\n\t\t\t\t\t\t\t<div class=\"e-gallery-item elementor-gallery-item elementor-animated-content\">\n\t\t\t\t\t<div class=\"e-gallery-image elementor-gallery-item__image\" data-thumbnail=\"https:\/\/www.hulstkampantwerpen.be\/wp-content\/uploads\/2024\/10\/hulstkamp-antwerpen_v-overons_lunch-768x1152.jpg\" data-width=\"768\" data-height=\"1152\" aria-label=\"Hulstkamp Anvers - \u00c0 propos de nous - d\u00e9jeuner\" role=\"img\" ><\/div>\n\t\t\t\t\t\t\t\t\t\t\t\t\t\t<\/div>\n\t\t\t\t\t\t\t<div class=\"e-gallery-item elementor-gallery-item elementor-animated-content\">\n\t\t\t\t\t<div class=\"e-gallery-image elementor-gallery-item__image\" data-thumbnail=\"https:\/\/www.hulstkampantwerpen.be\/wp-content\/uploads\/2024\/10\/hulstkamp-antwerpen_v-overons_diner-768x1152.jpg\" data-width=\"768\" data-height=\"1152\" aria-label=\"Hulstkamp Anvers - \u00c0 propos de nous - d\u00eener\" role=\"img\" ><\/div>\n\t\t\t\t\t\t\t\t\t\t\t\t\t\t<\/div>\n\t\t\t\t\t\t\t<div class=\"e-gallery-item elementor-gallery-item elementor-animated-content\">\n\t\t\t\t\t<div class=\"e-gallery-image elementor-gallery-item__image\" data-thumbnail=\"https:\/\/www.hulstkampantwerpen.be\/wp-content\/uploads\/2024\/10\/hulstkamp-antwerpen_v-overons_cocktails-768x1152.jpg\" data-width=\"768\" data-height=\"1152\" aria-label=\"Hulstkamp Anvers - \u00c0 propos de nous - cocktails\" role=\"img\" ><\/div>\n\t\t\t\t\t\t\t\t\t\t\t\t\t\t<\/div>\n\t\t\t\t\t\t\t<div class=\"e-gallery-item elementor-gallery-item elementor-animated-content\">\n\t\t\t\t\t<div class=\"e-gallery-image elementor-gallery-item__image\" data-thumbnail=\"https:\/\/www.hulstkampantwerpen.be\/wp-content\/uploads\/2024\/10\/hulstkamp-antwerpen_v-overons_dessert-768x1152.jpg\" data-width=\"768\" data-height=\"1152\" aria-label=\"Hulstkamp Anvers - \u00c0 propos de nous - dessert\" role=\"img\" ><\/div>\n\t\t\t\t\t\t\t\t\t\t\t\t\t\t<\/div>\n\t\t\t\t\t<\/div>\n\t\t\t<\/div>\n\t\t\t\t<\/div>\n\t\t\t\t\t<\/div>\n\t\t\t\t<\/div>\n\t\t\t\t<\/div>\n\t\t","protected":false},"excerpt":{"rendered":"<p>\u00c0 PROPOS DE NOUS D\u00c9COUVREZ NOTRE HISTOIRE La Brasserie Hulstkamp est une brasserie nostalgique situ\u00e9e sur le c\u00e9l\u00e8bre boulevard pi\u00e9tonnier du Keyserlei, au centre d&#8217;Anvers, \u00e0 proximit\u00e9 de la gare centrale et du Meir. Cet \u00e9tablissement styl\u00e9, dont l&#8217;int\u00e9rieur refl\u00e8te l&#8217;atmosph\u00e8re de la belle p\u00e9riode Belle-Epoque d&#8217;antan, vous transporte au temps des boh\u00e8mes et des [&hellip;]<\/p>\n","protected":false},"author":1,"featured_media":436,"parent":0,"menu_order":1,"comment_status":"closed","ping_status":"closed","template":"","meta":{"footnotes":""},"yoast_head":"<!-- This site is optimized with the Yoast SEO Premium plugin v22.6 (Yoast SEO v22.6) - https:\/\/yoast.com\/wordpress\/plugins\/seo\/ -->\n<title>\u00c0 propos de nous : d\u00e9couvrez l&#039;histoire de Hustkamp Anvers<\/title>\n<meta name=\"description\" content=\"Notre int\u00e9rieur original vous apporte s\u00e9r\u00e9nit\u00e9 et tranquillit\u00e9. Nous vous proposons une carte compl\u00e8te allant des formules sal\u00e9es du petit-d\u00e9jeuner, du d\u00e9jeuner, du d\u00eener aux desserts. Vous \u00eates \u00e9galement les bienvenus tout au long de la journ\u00e9e pour s\u00e9journer sur notre agr\u00e9able terrasse chauff\u00e9e en pr\u00e9sence de notre offre sp\u00e9ciale de caf\u00e9s et cocktails, ainsi que d&#039;autres boissons.\" \/>\n<meta name=\"robots\" content=\"index, follow, max-snippet:-1, max-image-preview:large, max-video-preview:-1\" \/>\n<link rel=\"canonical\" href=\"https:\/\/www.hulstkampantwerpen.be\/fr\/nous\/\" \/>\n<meta property=\"og:locale\" content=\"fr_FR\" \/>\n<meta property=\"og:type\" content=\"article\" \/>\n<meta property=\"og:title\" content=\"\u00c0 propos de nous | Hulstkamp Antwerpen\" \/>\n<meta property=\"og:description\" content=\"Notre int\u00e9rieur original vous apporte s\u00e9r\u00e9nit\u00e9 et tranquillit\u00e9. Nous vous proposons une carte compl\u00e8te allant des formules sal\u00e9es du petit-d\u00e9jeuner, du d\u00e9jeuner, du d\u00eener aux desserts. Vous \u00eates \u00e9galement les bienvenus tout au long de la journ\u00e9e pour s\u00e9journer sur notre agr\u00e9able terrasse chauff\u00e9e en pr\u00e9sence de notre offre sp\u00e9ciale de caf\u00e9s et cocktails, ainsi que d&#039;autres boissons.\" \/>\n<meta property=\"og:url\" content=\"https:\/\/www.hulstkampantwerpen.be\/fr\/nous\/\" \/>\n<meta property=\"og:site_name\" content=\"Hulstkamp Antwerpen\" \/>\n<meta property=\"article:publisher\" content=\"https:\/\/www.facebook.com\/p\/Hulstkamp-Antwerpen-61553129326433\/\" \/>\n<meta property=\"article:modified_time\" content=\"2024-11-05T21:22:58+00:00\" \/>\n<meta property=\"og:image\" content=\"https:\/\/www.hulstkampantwerpen.be\/wp-content\/uploads\/2024\/10\/hulstkamp-antwerpen_v-overons.jpg\" \/>\n\t<meta property=\"og:image:width\" content=\"900\" \/>\n\t<meta property=\"og:image:height\" content=\"1350\" \/>\n\t<meta property=\"og:image:type\" content=\"image\/jpeg\" \/>\n<meta name=\"twitter:card\" content=\"summary_large_image\" \/>\n<script type=\"application\/ld+json\" class=\"yoast-schema-graph\">{\"@context\":\"https:\/\/schema.org\",\"@graph\":[{\"@type\":[\"WebPage\",\"AboutPage\"],\"@id\":\"https:\/\/www.hulstkampantwerpen.be\/fr\/nous\/\",\"url\":\"https:\/\/www.hulstkampantwerpen.be\/fr\/nous\/\",\"name\":\"\u00c0 propos de nous : d\u00e9couvrez l'histoire de Hustkamp Anvers\",\"isPartOf\":{\"@id\":\"https:\/\/www.hulstkampantwerpen.be\/#website\"},\"primaryImageOfPage\":{\"@id\":\"https:\/\/www.hulstkampantwerpen.be\/fr\/nous\/#primaryimage\"},\"image\":{\"@id\":\"https:\/\/www.hulstkampantwerpen.be\/fr\/nous\/#primaryimage\"},\"thumbnailUrl\":\"https:\/\/www.hulstkampantwerpen.be\/wp-content\/uploads\/2024\/10\/hulstkamp-antwerpen_v-overons.jpg\",\"datePublished\":\"2023-11-21T19:13:02+00:00\",\"dateModified\":\"2024-11-05T21:22:58+00:00\",\"description\":\"Notre int\u00e9rieur original vous apporte s\u00e9r\u00e9nit\u00e9 et tranquillit\u00e9. Nous vous proposons une carte compl\u00e8te allant des formules sal\u00e9es du petit-d\u00e9jeuner, du d\u00e9jeuner, du d\u00eener aux desserts. Vous \u00eates \u00e9galement les bienvenus tout au long de la journ\u00e9e pour s\u00e9journer sur notre agr\u00e9able terrasse chauff\u00e9e en pr\u00e9sence de notre offre sp\u00e9ciale de caf\u00e9s et cocktails, ainsi que d'autres boissons.\",\"breadcrumb\":{\"@id\":\"https:\/\/www.hulstkampantwerpen.be\/fr\/nous\/#breadcrumb\"},\"inLanguage\":\"fr-FR\",\"potentialAction\":[{\"@type\":\"ReadAction\",\"target\":[\"https:\/\/www.hulstkampantwerpen.be\/fr\/nous\/\"]}]},{\"@type\":\"ImageObject\",\"inLanguage\":\"fr-FR\",\"@id\":\"https:\/\/www.hulstkampantwerpen.be\/fr\/nous\/#primaryimage\",\"url\":\"https:\/\/www.hulstkampantwerpen.be\/wp-content\/uploads\/2024\/10\/hulstkamp-antwerpen_v-overons.jpg\",\"contentUrl\":\"https:\/\/www.hulstkampantwerpen.be\/wp-content\/uploads\/2024\/10\/hulstkamp-antwerpen_v-overons.jpg\",\"width\":900,\"height\":1350,\"caption\":\"Hulstkamp Anvers - \u00c0 propos de nous\"},{\"@type\":\"BreadcrumbList\",\"@id\":\"https:\/\/www.hulstkampantwerpen.be\/fr\/nous\/#breadcrumb\",\"itemListElement\":[{\"@type\":\"ListItem\",\"position\":1,\"name\":\"HOME\",\"item\":\"https:\/\/www.hulstkampantwerpen.be\/fr\/\"},{\"@type\":\"ListItem\",\"position\":2,\"name\":\"\u00c0 propos de nous\"}]},{\"@type\":\"WebSite\",\"@id\":\"https:\/\/www.hulstkampantwerpen.be\/#website\",\"url\":\"https:\/\/www.hulstkampantwerpen.be\/\",\"name\":\"Hulstkamp Antwerpen\",\"description\":\"Grand Caf\u00e9 Hulstkamp - All day Every day Food &amp; Drinks\",\"publisher\":{\"@id\":\"https:\/\/www.hulstkampantwerpen.be\/#organization\"},\"potentialAction\":[{\"@type\":\"SearchAction\",\"target\":{\"@type\":\"EntryPoint\",\"urlTemplate\":\"https:\/\/www.hulstkampantwerpen.be\/?s={search_term_string}\"},\"query-input\":\"required name=search_term_string\"}],\"inLanguage\":\"fr-FR\"},{\"@type\":\"Organization\",\"@id\":\"https:\/\/www.hulstkampantwerpen.be\/#organization\",\"name\":\"Hulstkamp Antwerpen\",\"url\":\"https:\/\/www.hulstkampantwerpen.be\/\",\"logo\":{\"@type\":\"ImageObject\",\"inLanguage\":\"fr-FR\",\"@id\":\"https:\/\/www.hulstkampantwerpen.be\/#\/schema\/logo\/image\/\",\"url\":\"https:\/\/www.hulstkampantwerpen.be\/wp-content\/uploads\/2023\/11\/hulstkamp-logo.png\",\"contentUrl\":\"https:\/\/www.hulstkampantwerpen.be\/wp-content\/uploads\/2023\/11\/hulstkamp-logo.png\",\"width\":1211,\"height\":91,\"caption\":\"Hulstkamp Antwerpen\"},\"image\":{\"@id\":\"https:\/\/www.hulstkampantwerpen.be\/#\/schema\/logo\/image\/\"},\"sameAs\":[\"https:\/\/www.facebook.com\/p\/Hulstkamp-Antwerpen-61553129326433\/\",\"https:\/\/www.instagram.com\/hulstkamp.antwerpen\/\"]}]}<\/script>\n<!-- \/ Yoast SEO Premium plugin. -->","yoast_head_json":{"title":"\u00c0 propos de nous : d\u00e9couvrez l'histoire de Hustkamp Anvers","description":"Notre int\u00e9rieur original vous apporte s\u00e9r\u00e9nit\u00e9 et tranquillit\u00e9. Nous vous proposons une carte compl\u00e8te allant des formules sal\u00e9es du petit-d\u00e9jeuner, du d\u00e9jeuner, du d\u00eener aux desserts. Vous \u00eates \u00e9galement les bienvenus tout au long de la journ\u00e9e pour s\u00e9journer sur notre agr\u00e9able terrasse chauff\u00e9e en pr\u00e9sence de notre offre sp\u00e9ciale de caf\u00e9s et cocktails, ainsi que d'autres boissons.","robots":{"index":"index","follow":"follow","max-snippet":"max-snippet:-1","max-image-preview":"max-image-preview:large","max-video-preview":"max-video-preview:-1"},"canonical":"https:\/\/www.hulstkampantwerpen.be\/fr\/nous\/","og_locale":"fr_FR","og_type":"article","og_title":"\u00c0 propos de nous | Hulstkamp Antwerpen","og_description":"Notre int\u00e9rieur original vous apporte s\u00e9r\u00e9nit\u00e9 et tranquillit\u00e9. Nous vous proposons une carte compl\u00e8te allant des formules sal\u00e9es du petit-d\u00e9jeuner, du d\u00e9jeuner, du d\u00eener aux desserts. Vous \u00eates \u00e9galement les bienvenus tout au long de la journ\u00e9e pour s\u00e9journer sur notre agr\u00e9able terrasse chauff\u00e9e en pr\u00e9sence de notre offre sp\u00e9ciale de caf\u00e9s et cocktails, ainsi que d'autres boissons.","og_url":"https:\/\/www.hulstkampantwerpen.be\/fr\/nous\/","og_site_name":"Hulstkamp Antwerpen","article_publisher":"https:\/\/www.facebook.com\/p\/Hulstkamp-Antwerpen-61553129326433\/","article_modified_time":"2024-11-05T21:22:58+00:00","og_image":[{"width":900,"height":1350,"url":"https:\/\/www.hulstkampantwerpen.be\/wp-content\/uploads\/2024\/10\/hulstkamp-antwerpen_v-overons.jpg","type":"image\/jpeg"}],"twitter_card":"summary_large_image","schema":{"@context":"https:\/\/schema.org","@graph":[{"@type":["WebPage","AboutPage"],"@id":"https:\/\/www.hulstkampantwerpen.be\/fr\/nous\/","url":"https:\/\/www.hulstkampantwerpen.be\/fr\/nous\/","name":"\u00c0 propos de nous : d\u00e9couvrez l'histoire de Hustkamp Anvers","isPartOf":{"@id":"https:\/\/www.hulstkampantwerpen.be\/#website"},"primaryImageOfPage":{"@id":"https:\/\/www.hulstkampantwerpen.be\/fr\/nous\/#primaryimage"},"image":{"@id":"https:\/\/www.hulstkampantwerpen.be\/fr\/nous\/#primaryimage"},"thumbnailUrl":"https:\/\/www.hulstkampantwerpen.be\/wp-content\/uploads\/2024\/10\/hulstkamp-antwerpen_v-overons.jpg","datePublished":"2023-11-21T19:13:02+00:00","dateModified":"2024-11-05T21:22:58+00:00","description":"Notre int\u00e9rieur original vous apporte s\u00e9r\u00e9nit\u00e9 et tranquillit\u00e9. Nous vous proposons une carte compl\u00e8te allant des formules sal\u00e9es du petit-d\u00e9jeuner, du d\u00e9jeuner, du d\u00eener aux desserts. Vous \u00eates \u00e9galement les bienvenus tout au long de la journ\u00e9e pour s\u00e9journer sur notre agr\u00e9able terrasse chauff\u00e9e en pr\u00e9sence de notre offre sp\u00e9ciale de caf\u00e9s et cocktails, ainsi que d'autres boissons.","breadcrumb":{"@id":"https:\/\/www.hulstkampantwerpen.be\/fr\/nous\/#breadcrumb"},"inLanguage":"fr-FR","potentialAction":[{"@type":"ReadAction","target":["https:\/\/www.hulstkampantwerpen.be\/fr\/nous\/"]}]},{"@type":"ImageObject","inLanguage":"fr-FR","@id":"https:\/\/www.hulstkampantwerpen.be\/fr\/nous\/#primaryimage","url":"https:\/\/www.hulstkampantwerpen.be\/wp-content\/uploads\/2024\/10\/hulstkamp-antwerpen_v-overons.jpg","contentUrl":"https:\/\/www.hulstkampantwerpen.be\/wp-content\/uploads\/2024\/10\/hulstkamp-antwerpen_v-overons.jpg","width":900,"height":1350,"caption":"Hulstkamp Anvers - \u00c0 propos de nous"},{"@type":"BreadcrumbList","@id":"https:\/\/www.hulstkampantwerpen.be\/fr\/nous\/#breadcrumb","itemListElement":[{"@type":"ListItem","position":1,"name":"HOME","item":"https:\/\/www.hulstkampantwerpen.be\/fr\/"},{"@type":"ListItem","position":2,"name":"\u00c0 propos de nous"}]},{"@type":"WebSite","@id":"https:\/\/www.hulstkampantwerpen.be\/#website","url":"https:\/\/www.hulstkampantwerpen.be\/","name":"Hulstkamp Antwerpen","description":"Grand Caf\u00e9 Hulstkamp - All day Every day Food &amp; Drinks","publisher":{"@id":"https:\/\/www.hulstkampantwerpen.be\/#organization"},"potentialAction":[{"@type":"SearchAction","target":{"@type":"EntryPoint","urlTemplate":"https:\/\/www.hulstkampantwerpen.be\/?s={search_term_string}"},"query-input":"required name=search_term_string"}],"inLanguage":"fr-FR"},{"@type":"Organization","@id":"https:\/\/www.hulstkampantwerpen.be\/#organization","name":"Hulstkamp Antwerpen","url":"https:\/\/www.hulstkampantwerpen.be\/","logo":{"@type":"ImageObject","inLanguage":"fr-FR","@id":"https:\/\/www.hulstkampantwerpen.be\/#\/schema\/logo\/image\/","url":"https:\/\/www.hulstkampantwerpen.be\/wp-content\/uploads\/2023\/11\/hulstkamp-logo.png","contentUrl":"https:\/\/www.hulstkampantwerpen.be\/wp-content\/uploads\/2023\/11\/hulstkamp-logo.png","width":1211,"height":91,"caption":"Hulstkamp Antwerpen"},"image":{"@id":"https:\/\/www.hulstkampantwerpen.be\/#\/schema\/logo\/image\/"},"sameAs":["https:\/\/www.facebook.com\/p\/Hulstkamp-Antwerpen-61553129326433\/","https:\/\/www.instagram.com\/hulstkamp.antwerpen\/"]}]}},"_links":{"self":[{"href":"https:\/\/www.hulstkampantwerpen.be\/fr\/wp-json\/wp\/v2\/pages\/175"}],"collection":[{"href":"https:\/\/www.hulstkampantwerpen.be\/fr\/wp-json\/wp\/v2\/pages"}],"about":[{"href":"https:\/\/www.hulstkampantwerpen.be\/fr\/wp-json\/wp\/v2\/types\/page"}],"author":[{"embeddable":true,"href":"https:\/\/www.hulstkampantwerpen.be\/fr\/wp-json\/wp\/v2\/users\/1"}],"replies":[{"embeddable":true,"href":"https:\/\/www.hulstkampantwerpen.be\/fr\/wp-json\/wp\/v2\/comments?post=175"}],"version-history":[{"count":5,"href":"https:\/\/www.hulstkampantwerpen.be\/fr\/wp-json\/wp\/v2\/pages\/175\/revisions"}],"predecessor-version":[{"id":2032,"href":"https:\/\/www.hulstkampantwerpen.be\/fr\/wp-json\/wp\/v2\/pages\/175\/revisions\/2032"}],"wp:featuredmedia":[{"embeddable":true,"href":"https:\/\/www.hulstkampantwerpen.be\/fr\/wp-json\/wp\/v2\/media\/436"}],"wp:attachment":[{"href":"https:\/\/www.hulstkampantwerpen.be\/fr\/wp-json\/wp\/v2\/media?parent=175"}],"curies":[{"name":"wp","href":"https:\/\/api.w.org\/{rel}","templated":true}]}}