{"id":124,"date":"2023-11-21T20:14:15","date_gmt":"2023-11-21T19:14:15","guid":{"rendered":"https:\/\/www.hulstkampantwerpen.be\/allergenen\/"},"modified":"2025-03-30T22:09:01","modified_gmt":"2025-03-30T20:09:01","slug":"allergens","status":"publish","type":"page","link":"https:\/\/www.hulstkampantwerpen.be\/en\/allergens\/","title":{"rendered":"Allergens"},"content":{"rendered":"\t\t<div data-elementor-type=\"wp-page\" data-elementor-id=\"124\" class=\"elementor elementor-124 elementor-77\" data-elementor-post-type=\"page\">\n\t\t\t\t<div class=\"elementor-element elementor-element-28247b6e e-flex e-con-boxed e-con e-parent\" data-id=\"28247b6e\" data-element_type=\"container\">\n\t\t\t\t\t<div class=\"e-con-inner\">\n\t\t\t\t<div class=\"elementor-element elementor-element-43fdad10 elementor-widget elementor-widget-heading\" data-id=\"43fdad10\" data-element_type=\"widget\" data-widget_type=\"heading.default\">\n\t\t\t\t<div class=\"elementor-widget-container\">\n\t\t\t<h1 class=\"elementor-heading-title elementor-size-default\">ALLERGENS<\/h1>\t\t<\/div>\n\t\t\t\t<\/div>\n\t\t\t\t<div class=\"elementor-element elementor-element-2400db80 elementor-widget-divider--view-line elementor-widget elementor-widget-divider\" data-id=\"2400db80\" data-element_type=\"widget\" data-widget_type=\"divider.default\">\n\t\t\t\t<div class=\"elementor-widget-container\">\n\t\t\t\t\t<div class=\"elementor-divider\">\n\t\t\t<span class=\"elementor-divider-separator\">\n\t\t\t\t\t\t<\/span>\n\t\t<\/div>\n\t\t\t\t<\/div>\n\t\t\t\t<\/div>\n\t\t\t\t<div class=\"elementor-element elementor-element-17155960 elementor-widget elementor-widget-text-editor\" data-id=\"17155960\" data-element_type=\"widget\" data-widget_type=\"text-editor.default\">\n\t\t\t\t<div class=\"elementor-widget-container\">\n\t\t\t\t\t\t\t<p>Our dishes are prepared with the necessary care in our kitchen every day. However, it can happen that during these preparations, ingredients can come into contact with other ingredients and\/or allergens. In addition, the composition of our dishes can also change at any time.<\/p><p>There are more than 10 different allergens that we can inform you about, such as gluten-containing grains, egg, fish, peanuts, nuts, soy, milk, including lactose, crustaceans, molluscs, celery, mustard, sesame seeds, sulphites, lupine, etc. Our employees in the restaurant are always at your service to provide you with more information about the nutritional values \u200b\u200bof a particular product.<\/p>\t\t\t\t\t\t<\/div>\n\t\t\t\t<\/div>\n\t\t\t\t<div class=\"elementor-element elementor-element-ba8a68d allergenen elementor-widget elementor-widget-text-editor\" data-id=\"ba8a68d\" data-element_type=\"widget\" data-widget_type=\"text-editor.default\">\n\t\t\t\t<div class=\"elementor-widget-container\">\n\t\t\t\t\t\t\t<table><thead><tr><td><p><strong>Dish<\/strong><\/p><\/td><td><p><strong>Allergens<\/strong><\/p><\/td><\/tr><\/thead><tbody><tr><td><p><strong>Croissant<\/strong><\/p><\/td><td><p>Gluten, Dairy (Butter)<\/p><\/td><\/tr><tr><td><p><strong>Butter and Jam<\/strong><\/p><\/td><td><p>Gluten (Bread), Dairy (Butter)<\/p><\/td><\/tr><tr><td><p><strong>Classic Breakfast<\/strong><\/p><\/td><td><p>Gluten (Bread), Dairy (Butter, Milk), Eggs (Egg)<\/p><\/td><\/tr><tr><td><p><strong>Basket with Bread &amp; Croissant<\/strong><\/p><\/td><td><p>Gluten, Dairy (Butter)<\/p><\/td><\/tr><tr><td><p><strong>Ham, Cheese, Jam &amp; Chocolate<\/strong><\/p><\/td><td><p>Gluten (Bread), Dairy (Cheese, Butter, Milk), Meat (Ham)<\/p><\/td><\/tr><tr><td><p><strong>Fried Egg \/ Scrambled Eggs \/ Scrambled Eggs with Bacon<\/strong><\/p><\/td><td><p>Eggs, Dairy (Butter, Cheese), Meat (Bacon)<\/p><\/td><\/tr><tr><td><p><strong>Natural Yogurt<\/strong><\/p><\/td><td><p>Dairy (Yogurt)<\/p><\/td><\/tr><tr><td><p><strong>Deluxe Breakfast<\/strong><\/p><\/td><td><p>Gluten (Bread), Dairy (Butter, Milk, Cheese), Eggs (Egg), Alcohol (Cava)<\/p><\/td><\/tr><tr><td><p><strong>American Pancakes (Natural)<\/strong><\/p><\/td><td><p>Gluten (Pancakes), Dairy (Butter, Milk)<\/p><\/td><\/tr><tr><td><p><strong>American Pancakes (Banana, Walnuts, Maple Syrup)<\/strong><\/p><\/td><td><p>Gluten (Pancakes), Dairy (Butter, Milk), Nuts (Walnuts)<\/p><\/td><\/tr><tr><td><p><strong>American Pancakes (Red Fruit, Maple Syrup)<\/strong><\/p><\/td><td><p>Gluten (Pancakes), Dairy (Butter, Milk)<\/p><\/td><\/tr><tr><td><p><strong>Omelet (Natural or Fried Egg)<\/strong><\/p><\/td><td><p>Eggs, Dairy (Butter, Cheese)<\/p><\/td><\/tr><tr><td><p><strong>Farmer\u2019s Omelet with Bacon<\/strong><\/p><\/td><td><p>Eggs, Dairy (Butter, Cheese), Meat (Bacon)<\/p><\/td><\/tr><tr><td><p><strong>Mangalica 24 Months<\/strong><\/p><\/td><td><p>Meat (Pork), Dairy (Cheese)<\/p><\/td><\/tr><tr><td><p><strong>Van Tricht Cheese Platter<\/strong><\/p><\/td><td><p>Dairy (Cheese)<\/p><\/td><\/tr><tr><td><p><strong>Olives<\/strong><\/p><\/td><td><p>No allergens<\/p><\/td><\/tr><tr><td><p><strong>Hummus, Lebanese Bread<\/strong><\/p><\/td><td><p>Gluten (Bread), Sesame (In Hummus)<\/p><\/td><\/tr><tr><td><p><strong>Goujonettes (Ras El Hanout, Lime Zest)<\/strong><\/p><\/td><td><p>Gluten (Breading), Fish (If applicable)<\/p><\/td><\/tr><tr><td><p><strong>Warm Mixed (Bitterballen, Mini Chicken Spring Rolls, Calamari)<\/strong><\/p><\/td><td><p>Gluten (Breading), Meat (Chicken, Beef), Fish (Calamari)<\/p><\/td><\/tr><tr><td><p><strong>Smoked Salmon Toast (Cream Cheese, Cress)<\/strong><\/p><\/td><td><p>Gluten (Toast), Fish (Salmon), Dairy (Cream Cheese)<\/p><\/td><\/tr><tr><td><p><strong>Mushroom Toast<\/strong><\/p><\/td><td><p>Gluten (Toast), Dairy (Butter)<\/p><\/td><\/tr><tr><td><p><strong>Cannibal Toast with Hand-Sliced Piemontese Beef<\/strong><\/p><\/td><td><p>Gluten (Toast), Meat (Beef), Dairy (Cheese, Dressing)<\/p><\/td><\/tr><tr><td><p><strong>Pulled Chicken Sandwich (Soft Chili, Cabbage Salad)<\/strong><\/p><\/td><td><p>Gluten (Bread), Meat (Chicken)<\/p><\/td><\/tr><tr><td><p><strong>Panini Tomato (Mozzarella, Pesto)<\/strong><\/p><\/td><td><p>Gluten (Panini), Dairy (Mozzarella), Nuts (Pesto)<\/p><\/td><\/tr><tr><td><p><strong>Croque Monsieur<\/strong><\/p><\/td><td><p>Gluten (Bread), Dairy (Cheese), Meat (Ham)<\/p><\/td><\/tr><tr><td><p><strong>Croque Madame<\/strong><\/p><\/td><td><p>Gluten (Bread), Dairy (Cheese), Meat (Ham), Eggs (Egg)<\/p><\/td><\/tr><tr><td><p><strong>Shrimp Croquettes<\/strong><\/p><\/td><td><p>Gluten (Breading), Shellfish (Shrimp), Dairy<\/p><\/td><\/tr><tr><td><p><strong>Cheese Croquettes<\/strong><\/p><\/td><td><p>Gluten (Breading), Dairy (Cheese)<\/p><\/td><\/tr><tr><td><p><strong>Bacon Salad<\/strong><\/p><\/td><td><p>Gluten (Bread), Dairy (Goat Cheese), Meat (Bacon)<\/p><\/td><\/tr><tr><td><p><strong>Chicken Caesar Salad<\/strong><\/p><\/td><td><p>Gluten (Croutons), Dairy (Cheese, Dressing), Eggs (Dressing), Meat (Chicken)<\/p><\/td><\/tr><tr><td><p><strong>Shrimp Caesar Salad<\/strong><\/p><\/td><td><p>Gluten (Croutons), Dairy (Cheese, Dressing), Eggs (Dressing), Shellfish (Shrimp)<\/p><\/td><\/tr><tr><td><p><strong>Burrata Salad<\/strong><\/p><\/td><td><p>Dairy (Burrata)<\/p><\/td><\/tr><tr><td><p><strong>Spaghetti Bolognese<\/strong><\/p><\/td><td><p>Gluten (Pasta), Dairy (Parmesan), Meat (Beef)<\/p><\/td><\/tr><tr><td><p><strong>Penne Scampi (Red Pesto, Rocket, Parmesan)<\/strong><\/p><\/td><td><p>Gluten (Pasta), Shellfish (Scampi), Dairy (Parmesan)<\/p><\/td><\/tr><tr><td><p><strong>Lasagne Bolognese<\/strong><\/p><\/td><td><p>Gluten (Lasagne), Dairy (Cheese, Sauce), Meat (Beef)<\/p><\/td><\/tr><tr><td><p><strong>Vegetarian Lasagne<\/strong><\/p><\/td><td><p>Gluten (Lasagne), Dairy (Cheese, Sauce)<\/p><\/td><\/tr><tr><td><p><strong>Beef Hamburger with Fries (Caramelized Onions, Cheddar)<\/strong><\/p><\/td><td><p>Gluten (Burger Bun), Dairy (Cheddar), Meat (Beef)<\/p><\/td><\/tr><tr><td><p><strong>Children&#8217;s Spaghetti<\/strong><\/p><\/td><td><p>Gluten (Pasta)<\/p><\/td><\/tr><tr><td><p><strong>Chicken Nuggets with Fresh Fries<\/strong><\/p><\/td><td><p>Gluten (Breading), Meat (Chicken)<\/p><\/td><\/tr><tr><td><p><strong>Soup of the Day<\/strong><\/p><\/td><td><p>Depending on the recipe, may contain gluten, dairy, or meat<\/p><\/td><\/tr><tr><td><p><strong>Beef Carpaccio<\/strong><\/p><\/td><td><p>Meat (Beef), Dairy (Parmesan, Dressing)<\/p><\/td><\/tr><tr><td><p><strong>Cheese &amp; Shrimp Croquette Duo<\/strong><\/p><\/td><td><p>Gluten (Breading), Shellfish (Shrimp), Dairy (Cheese)<\/p><\/td><\/tr><tr><td><p><strong>Vol-au-Vent with Farm Chicken<\/strong><\/p><\/td><td><p>Gluten (Pastry), Dairy (Cream, Cheese), Meat (Chicken)<\/p><\/td><\/tr><tr><td><p><strong>Beef Stew<\/strong><\/p><\/td><td><p>Meat (Beef), Gluten (Sauce)<\/p><\/td><\/tr><tr><td><p><strong>Steak &#8216;Belgian White-Blue&#8217;<\/strong><\/p><\/td><td><p>Meat (Beef), Dairy (Bearnaise or Pepper Sauce)<\/p><\/td><\/tr><tr><td><p><strong>Dry Aged Carima Ribeye<\/strong><\/p><\/td><td><p>Meat (Beef)<\/p><\/td><\/tr><tr><td><p><strong>Hand-Sliced Piemontese Beef Tartare<\/strong><\/p><\/td><td><p>Meat (Beef), Eggs (In Sauce)<\/p><\/td><\/tr><tr><td><p><strong>Iberian Pork Tenderloin<\/strong><\/p><\/td><td><p>Meat (Pork)<\/p><\/td><\/tr><tr><td><p><strong>Spare Ribs<\/strong><\/p><\/td><td><p>Meat (Pork), Gluten (Sauce)<\/p><\/td><\/tr><tr><td><p><strong>Grilled Salmon Fillet<\/strong><\/p><\/td><td><p>Fish (Salmon), Dairy (Bearnaise Sauce)<\/p><\/td><\/tr><tr><td><p><strong>Sole Meuni\u00e8re<\/strong><\/p><\/td><td><p>Fish (Sole), Dairy (Butter)<\/p><\/td><\/tr><tr><td><p><strong>Cod Fillet<\/strong><\/p><\/td><td><p>Fish (Cod), Dairy (Mousseline Sauce)<\/p><\/td><\/tr><tr><td><p><strong>Sugar Waffles<\/strong><\/p><\/td><td><p>Gluten, Dairy (Butter)<\/p><\/td><\/tr><tr><td><p><strong>Warm Cherry Waffles<\/strong><\/p><\/td><td><p>Gluten, Dairy (Butter, Whipped Cream)<\/p><\/td><\/tr><tr><td><p><strong>Pancakes (Sugar or Syrup)<\/strong><\/p><\/td><td><p>Gluten, Dairy (Butter, Milk)<\/p><\/td><\/tr><tr><td><p><strong>Warm Apple Pie<\/strong><\/p><\/td><td><p>Gluten (Pastry), Dairy (Butter, Milk)<\/p><\/td><\/tr><tr><td><p><strong>Chocolate Moelleux with Vanilla Ice Cream<\/strong><\/p><\/td><td><p>Gluten (Cake), Dairy (Ice Cream)<\/p><\/td><\/tr><tr><td><p><strong>Tiramisu<\/strong><\/p><\/td><td><p>Gluten (Cake), Dairy (Mascarpone)<\/p><\/td><\/tr><tr><td><p><strong>Cr\u00e8me Br\u00fbl\u00e9e<\/strong><\/p><\/td><td><p>Dairy (Cream)<\/p><\/td><\/tr><tr><td><p><strong>Coffee Ice Cream<\/strong><\/p><\/td><td><p>Dairy (Ice Cream)<\/p><\/td><\/tr><tr><td><p><strong>Dame Blanche<\/strong><\/p><\/td><td><p>Dairy (Ice Cream, Whipped Cream)<\/p><\/td><\/tr><tr><td><p><strong>Cherry Coupe<\/strong><\/p><\/td><td><p>Dairy (Ice Cream, Whipped Cream)<\/p><\/td><\/tr><tr><td><p><strong>Advocaat Coupe<\/strong><\/p><\/td><td><p>Dairy (Ice Cream, Whipped Cream)<\/p><\/td><\/tr><tr><td><p><strong>Children&#8217;s Ice Cream<\/strong><\/p><\/td><td><p>Dairy (Ice Cream)<\/p><\/td><\/tr><\/tbody><\/table>\t\t\t\t\t\t<\/div>\n\t\t\t\t<\/div>\n\t\t\t\t\t<\/div>\n\t\t\t\t<\/div>\n\t\t<div class=\"elementor-element elementor-element-74a834ec e-flex e-con-boxed e-con e-parent\" data-id=\"74a834ec\" data-element_type=\"container\">\n\t\t\t\t\t<div class=\"e-con-inner\">\n\t\t\t\t<div class=\"elementor-element elementor-element-3867fed3 elementor-widget-divider--view-line elementor-widget elementor-widget-divider\" data-id=\"3867fed3\" data-element_type=\"widget\" data-widget_type=\"divider.default\">\n\t\t\t\t<div class=\"elementor-widget-container\">\n\t\t\t\t\t<div class=\"elementor-divider\">\n\t\t\t<span class=\"elementor-divider-separator\">\n\t\t\t\t\t\t<\/span>\n\t\t<\/div>\n\t\t\t\t<\/div>\n\t\t\t\t<\/div>\n\t\t\t\t\t<\/div>\n\t\t\t\t<\/div>\n\t\t<div class=\"elementor-element elementor-element-7eacf04 e-flex e-con-boxed e-con e-parent\" data-id=\"7eacf04\" data-element_type=\"container\">\n\t\t\t\t\t<div class=\"e-con-inner\">\n\t\t<div class=\"elementor-element elementor-element-1ddd52f1 e-con-full e-flex e-con e-child\" data-id=\"1ddd52f1\" data-element_type=\"container\">\n\t\t\t\t<div class=\"elementor-element elementor-element-bad3108 elementor-mobile-align-justify elementor-widget elementor-widget-button\" data-id=\"bad3108\" data-element_type=\"widget\" data-widget_type=\"button.default\">\n\t\t\t\t<div class=\"elementor-widget-container\">\n\t\t\t\t\t<div class=\"elementor-button-wrapper\">\n\t\t\t<a class=\"elementor-button elementor-button-link elementor-size-sm\" href=\"https:\/\/www.hulstkampantwerpen.be\/en\/menu\/\">\n\t\t\t\t\t\t<span class=\"elementor-button-content-wrapper\">\n\t\t\t\t\t\t<span class=\"elementor-button-icon\">\n\t\t\t\t<svg aria-hidden=\"true\" class=\"e-font-icon-svg e-fas-chevron-left\" viewBox=\"0 0 320 512\" xmlns=\"http:\/\/www.w3.org\/2000\/svg\"><path d=\"M34.52 239.03L228.87 44.69c9.37-9.37 24.57-9.37 33.94 0l22.67 22.67c9.36 9.36 9.37 24.52.04 33.9L131.49 256l154.02 154.75c9.34 9.38 9.32 24.54-.04 33.9l-22.67 22.67c-9.37 9.37-24.57 9.37-33.94 0L34.52 272.97c-9.37-9.37-9.37-24.57 0-33.94z\"><\/path><\/svg>\t\t\t<\/span>\n\t\t\t\t\t\t\t\t\t<span class=\"elementor-button-text\">MENU<\/span>\n\t\t\t\t\t<\/span>\n\t\t\t\t\t<\/a>\n\t\t<\/div>\n\t\t\t\t<\/div>\n\t\t\t\t<\/div>\n\t\t\t\t<\/div>\n\t\t\t\t\t<\/div>\n\t\t\t\t<\/div>\n\t\t\t\t<\/div>\n\t\t","protected":false},"excerpt":{"rendered":"<p>ALLERGENS Our dishes are prepared with the necessary care in our kitchen every day. However, it can happen that during these preparations, ingredients can come into contact with other ingredients and\/or allergens. In addition, the composition of our dishes can also change at any time. There are more than 10 different allergens that we can [&hellip;]<\/p>\n","protected":false},"author":1,"featured_media":570,"parent":0,"menu_order":3,"comment_status":"closed","ping_status":"closed","template":"","meta":{"footnotes":""},"yoast_head":"<!-- This site is optimized with the Yoast SEO Premium plugin v22.6 (Yoast SEO v22.6) - https:\/\/yoast.com\/wordpress\/plugins\/seo\/ -->\n<title>Allergens | Hulstkamp Antwerp<\/title>\n<meta name=\"description\" content=\"View our allergens map here. There are more than 10 different allergens that we can inform you about. We are always at your service to provide you with more information about the nutritional values \u200b\u200bof a certain product.\" \/>\n<meta name=\"robots\" content=\"noindex, follow\" \/>\n<meta property=\"og:locale\" content=\"en_US\" \/>\n<meta property=\"og:type\" content=\"article\" \/>\n<meta property=\"og:title\" content=\"Allergens | Hulstkamp Antwerpen\" \/>\n<meta property=\"og:description\" content=\"View our allergens map here. There are more than 10 different allergens that we can inform you about. We are always at your service to provide you with more information about the nutritional values \u200b\u200bof a certain product.\" \/>\n<meta property=\"og:url\" content=\"https:\/\/www.hulstkampantwerpen.be\/en\/allergens\/\" \/>\n<meta property=\"og:site_name\" content=\"Hulstkamp Antwerpen\" \/>\n<meta property=\"article:publisher\" content=\"https:\/\/www.facebook.com\/p\/Hulstkamp-Antwerpen-61553129326433\/\" \/>\n<meta property=\"article:modified_time\" content=\"2025-03-30T20:09:01+00:00\" \/>\n<meta property=\"og:image\" content=\"https:\/\/www.hulstkampantwerpen.be\/wp-content\/uploads\/2024\/10\/hulstkamp-antwerpen_v-dinner.jpg\" \/>\n\t<meta property=\"og:image:width\" content=\"900\" \/>\n\t<meta property=\"og:image:height\" content=\"1350\" \/>\n\t<meta property=\"og:image:type\" content=\"image\/jpeg\" \/>\n<meta name=\"twitter:card\" content=\"summary_large_image\" \/>\n<script type=\"application\/ld+json\" class=\"yoast-schema-graph\">{\"@context\":\"https:\/\/schema.org\",\"@graph\":[{\"@type\":\"WebPage\",\"@id\":\"https:\/\/www.hulstkampantwerpen.be\/en\/allergens\/\",\"url\":\"https:\/\/www.hulstkampantwerpen.be\/en\/allergens\/\",\"name\":\"Allergens | Hulstkamp Antwerp\",\"isPartOf\":{\"@id\":\"https:\/\/www.hulstkampantwerpen.be\/#website\"},\"primaryImageOfPage\":{\"@id\":\"https:\/\/www.hulstkampantwerpen.be\/en\/allergens\/#primaryimage\"},\"image\":{\"@id\":\"https:\/\/www.hulstkampantwerpen.be\/en\/allergens\/#primaryimage\"},\"thumbnailUrl\":\"https:\/\/www.hulstkampantwerpen.be\/wp-content\/uploads\/2024\/10\/hulstkamp-antwerpen_v-dinner.jpg\",\"datePublished\":\"2023-11-21T19:14:15+00:00\",\"dateModified\":\"2025-03-30T20:09:01+00:00\",\"description\":\"View our allergens map here. There are more than 10 different allergens that we can inform you about. We are always at your service to provide you with more information about the nutritional values \u200b\u200bof a certain product.\",\"breadcrumb\":{\"@id\":\"https:\/\/www.hulstkampantwerpen.be\/en\/allergens\/#breadcrumb\"},\"inLanguage\":\"en-US\",\"potentialAction\":[{\"@type\":\"ReadAction\",\"target\":[\"https:\/\/www.hulstkampantwerpen.be\/en\/allergens\/\"]}]},{\"@type\":\"ImageObject\",\"inLanguage\":\"en-US\",\"@id\":\"https:\/\/www.hulstkampantwerpen.be\/en\/allergens\/#primaryimage\",\"url\":\"https:\/\/www.hulstkampantwerpen.be\/wp-content\/uploads\/2024\/10\/hulstkamp-antwerpen_v-dinner.jpg\",\"contentUrl\":\"https:\/\/www.hulstkampantwerpen.be\/wp-content\/uploads\/2024\/10\/hulstkamp-antwerpen_v-dinner.jpg\",\"width\":900,\"height\":1350,\"caption\":\"Hulstkamp Antwerp - Dinner\"},{\"@type\":\"BreadcrumbList\",\"@id\":\"https:\/\/www.hulstkampantwerpen.be\/en\/allergens\/#breadcrumb\",\"itemListElement\":[{\"@type\":\"ListItem\",\"position\":1,\"name\":\"HOME\",\"item\":\"https:\/\/www.hulstkampantwerpen.be\/en\/\"},{\"@type\":\"ListItem\",\"position\":2,\"name\":\"Allergens\"}]},{\"@type\":\"WebSite\",\"@id\":\"https:\/\/www.hulstkampantwerpen.be\/#website\",\"url\":\"https:\/\/www.hulstkampantwerpen.be\/\",\"name\":\"Hulstkamp Antwerpen\",\"description\":\"Grand Caf\u00e9 Hulstkamp - All day Every day Food &amp; Drinks\",\"publisher\":{\"@id\":\"https:\/\/www.hulstkampantwerpen.be\/#organization\"},\"potentialAction\":[{\"@type\":\"SearchAction\",\"target\":{\"@type\":\"EntryPoint\",\"urlTemplate\":\"https:\/\/www.hulstkampantwerpen.be\/?s={search_term_string}\"},\"query-input\":\"required name=search_term_string\"}],\"inLanguage\":\"en-US\"},{\"@type\":\"Organization\",\"@id\":\"https:\/\/www.hulstkampantwerpen.be\/#organization\",\"name\":\"Hulstkamp Antwerpen\",\"url\":\"https:\/\/www.hulstkampantwerpen.be\/\",\"logo\":{\"@type\":\"ImageObject\",\"inLanguage\":\"en-US\",\"@id\":\"https:\/\/www.hulstkampantwerpen.be\/#\/schema\/logo\/image\/\",\"url\":\"https:\/\/www.hulstkampantwerpen.be\/wp-content\/uploads\/2023\/11\/hulstkamp-logo.png\",\"contentUrl\":\"https:\/\/www.hulstkampantwerpen.be\/wp-content\/uploads\/2023\/11\/hulstkamp-logo.png\",\"width\":1211,\"height\":91,\"caption\":\"Hulstkamp Antwerpen\"},\"image\":{\"@id\":\"https:\/\/www.hulstkampantwerpen.be\/#\/schema\/logo\/image\/\"},\"sameAs\":[\"https:\/\/www.facebook.com\/p\/Hulstkamp-Antwerpen-61553129326433\/\",\"https:\/\/www.instagram.com\/hulstkamp.antwerpen\/\"]}]}<\/script>\n<!-- \/ Yoast SEO Premium plugin. -->","yoast_head_json":{"title":"Allergens | Hulstkamp Antwerp","description":"View our allergens map here. There are more than 10 different allergens that we can inform you about. We are always at your service to provide you with more information about the nutritional values \u200b\u200bof a certain product.","robots":{"index":"noindex","follow":"follow"},"og_locale":"en_US","og_type":"article","og_title":"Allergens | Hulstkamp Antwerpen","og_description":"View our allergens map here. There are more than 10 different allergens that we can inform you about. We are always at your service to provide you with more information about the nutritional values \u200b\u200bof a certain product.","og_url":"https:\/\/www.hulstkampantwerpen.be\/en\/allergens\/","og_site_name":"Hulstkamp Antwerpen","article_publisher":"https:\/\/www.facebook.com\/p\/Hulstkamp-Antwerpen-61553129326433\/","article_modified_time":"2025-03-30T20:09:01+00:00","og_image":[{"width":900,"height":1350,"url":"https:\/\/www.hulstkampantwerpen.be\/wp-content\/uploads\/2024\/10\/hulstkamp-antwerpen_v-dinner.jpg","type":"image\/jpeg"}],"twitter_card":"summary_large_image","schema":{"@context":"https:\/\/schema.org","@graph":[{"@type":"WebPage","@id":"https:\/\/www.hulstkampantwerpen.be\/en\/allergens\/","url":"https:\/\/www.hulstkampantwerpen.be\/en\/allergens\/","name":"Allergens | Hulstkamp Antwerp","isPartOf":{"@id":"https:\/\/www.hulstkampantwerpen.be\/#website"},"primaryImageOfPage":{"@id":"https:\/\/www.hulstkampantwerpen.be\/en\/allergens\/#primaryimage"},"image":{"@id":"https:\/\/www.hulstkampantwerpen.be\/en\/allergens\/#primaryimage"},"thumbnailUrl":"https:\/\/www.hulstkampantwerpen.be\/wp-content\/uploads\/2024\/10\/hulstkamp-antwerpen_v-dinner.jpg","datePublished":"2023-11-21T19:14:15+00:00","dateModified":"2025-03-30T20:09:01+00:00","description":"View our allergens map here. There are more than 10 different allergens that we can inform you about. We are always at your service to provide you with more information about the nutritional values \u200b\u200bof a certain product.","breadcrumb":{"@id":"https:\/\/www.hulstkampantwerpen.be\/en\/allergens\/#breadcrumb"},"inLanguage":"en-US","potentialAction":[{"@type":"ReadAction","target":["https:\/\/www.hulstkampantwerpen.be\/en\/allergens\/"]}]},{"@type":"ImageObject","inLanguage":"en-US","@id":"https:\/\/www.hulstkampantwerpen.be\/en\/allergens\/#primaryimage","url":"https:\/\/www.hulstkampantwerpen.be\/wp-content\/uploads\/2024\/10\/hulstkamp-antwerpen_v-dinner.jpg","contentUrl":"https:\/\/www.hulstkampantwerpen.be\/wp-content\/uploads\/2024\/10\/hulstkamp-antwerpen_v-dinner.jpg","width":900,"height":1350,"caption":"Hulstkamp Antwerp - Dinner"},{"@type":"BreadcrumbList","@id":"https:\/\/www.hulstkampantwerpen.be\/en\/allergens\/#breadcrumb","itemListElement":[{"@type":"ListItem","position":1,"name":"HOME","item":"https:\/\/www.hulstkampantwerpen.be\/en\/"},{"@type":"ListItem","position":2,"name":"Allergens"}]},{"@type":"WebSite","@id":"https:\/\/www.hulstkampantwerpen.be\/#website","url":"https:\/\/www.hulstkampantwerpen.be\/","name":"Hulstkamp Antwerpen","description":"Grand Caf\u00e9 Hulstkamp - All day Every day Food &amp; Drinks","publisher":{"@id":"https:\/\/www.hulstkampantwerpen.be\/#organization"},"potentialAction":[{"@type":"SearchAction","target":{"@type":"EntryPoint","urlTemplate":"https:\/\/www.hulstkampantwerpen.be\/?s={search_term_string}"},"query-input":"required name=search_term_string"}],"inLanguage":"en-US"},{"@type":"Organization","@id":"https:\/\/www.hulstkampantwerpen.be\/#organization","name":"Hulstkamp Antwerpen","url":"https:\/\/www.hulstkampantwerpen.be\/","logo":{"@type":"ImageObject","inLanguage":"en-US","@id":"https:\/\/www.hulstkampantwerpen.be\/#\/schema\/logo\/image\/","url":"https:\/\/www.hulstkampantwerpen.be\/wp-content\/uploads\/2023\/11\/hulstkamp-logo.png","contentUrl":"https:\/\/www.hulstkampantwerpen.be\/wp-content\/uploads\/2023\/11\/hulstkamp-logo.png","width":1211,"height":91,"caption":"Hulstkamp Antwerpen"},"image":{"@id":"https:\/\/www.hulstkampantwerpen.be\/#\/schema\/logo\/image\/"},"sameAs":["https:\/\/www.facebook.com\/p\/Hulstkamp-Antwerpen-61553129326433\/","https:\/\/www.instagram.com\/hulstkamp.antwerpen\/"]}]}},"_links":{"self":[{"href":"https:\/\/www.hulstkampantwerpen.be\/en\/wp-json\/wp\/v2\/pages\/124"}],"collection":[{"href":"https:\/\/www.hulstkampantwerpen.be\/en\/wp-json\/wp\/v2\/pages"}],"about":[{"href":"https:\/\/www.hulstkampantwerpen.be\/en\/wp-json\/wp\/v2\/types\/page"}],"author":[{"embeddable":true,"href":"https:\/\/www.hulstkampantwerpen.be\/en\/wp-json\/wp\/v2\/users\/1"}],"replies":[{"embeddable":true,"href":"https:\/\/www.hulstkampantwerpen.be\/en\/wp-json\/wp\/v2\/comments?post=124"}],"version-history":[{"count":5,"href":"https:\/\/www.hulstkampantwerpen.be\/en\/wp-json\/wp\/v2\/pages\/124\/revisions"}],"predecessor-version":[{"id":2331,"href":"https:\/\/www.hulstkampantwerpen.be\/en\/wp-json\/wp\/v2\/pages\/124\/revisions\/2331"}],"wp:featuredmedia":[{"embeddable":true,"href":"https:\/\/www.hulstkampantwerpen.be\/en\/wp-json\/wp\/v2\/media\/570"}],"wp:attachment":[{"href":"https:\/\/www.hulstkampantwerpen.be\/en\/wp-json\/wp\/v2\/media?parent=124"}],"curies":[{"name":"wp","href":"https:\/\/api.w.org\/{rel}","templated":true}]}}